{"id":8,"date":"2020-10-19T10:46:01","date_gmt":"2020-10-19T10:46:01","guid":{"rendered":"https:\/\/themes.muffingroup.com\/be\/corporation3\/?page_id=8"},"modified":"2024-11-30T15:45:56","modified_gmt":"2024-11-30T15:45:56","slug":"home","status":"publish","type":"page","link":"https:\/\/seisoitofish.com\/2025\/","title":{"rendered":"Home"},"content":{"rendered":"\t\t<div data-elementor-type=\"wp-page\" data-elementor-id=\"8\" class=\"elementor elementor-8\">\n\t\t\t\t\t\t<section class=\"elementor-section elementor-top-section elementor-element elementor-element-c54e391 elementor-section-content-middle elementor-section-stretched elementor-section-boxed elementor-section-height-default elementor-section-height-default\" data-id=\"c54e391\" data-element_type=\"section\" data-settings=\"{&quot;stretch_section&quot;:&quot;section-stretched&quot;,&quot;background_background&quot;:&quot;classic&quot;}\">\n\t\t\t\t\t\t<div class=\"elementor-container elementor-column-gap-wider\">\n\t\t\t\t\t<div class=\"elementor-column elementor-col-50 elementor-top-column elementor-element elementor-element-75d6413\" data-id=\"75d6413\" data-element_type=\"column\">\n\t\t\t<div class=\"elementor-widget-wrap elementor-element-populated\">\n\t\t\t\t\t\t<div class=\"elementor-element elementor-element-56d21fb elementor-widget elementor-widget-text-editor\" data-id=\"56d21fb\" data-element_type=\"widget\" data-widget_type=\"text-editor.default\">\n\t\t\t\t<div class=\"elementor-widget-container\">\n\t\t\t<style>\/*! elementor - v3.23.0 - 05-08-2024 *\/\n.elementor-widget-text-editor.elementor-drop-cap-view-stacked .elementor-drop-cap{background-color:#69727d;color:#fff}.elementor-widget-text-editor.elementor-drop-cap-view-framed .elementor-drop-cap{color:#69727d;border:3px solid;background-color:transparent}.elementor-widget-text-editor:not(.elementor-drop-cap-view-default) .elementor-drop-cap{margin-top:8px}.elementor-widget-text-editor:not(.elementor-drop-cap-view-default) .elementor-drop-cap-letter{width:1em;height:1em}.elementor-widget-text-editor .elementor-drop-cap{float:left;text-align:center;line-height:1;font-size:50px}.elementor-widget-text-editor .elementor-drop-cap-letter{display:inline-block}<\/style>\t\t\t\t<h2>Produtos<br \/><span class=\"themecolor\">Marca Branca<\/span> para grandes empresas<\/h2>\t\t\t\t\t\t<\/div>\n\t\t\t\t<\/div>\n\t\t\t\t<div class=\"elementor-element elementor-element-a703681 elementor-widget elementor-widget-text-editor\" data-id=\"a703681\" data-element_type=\"widget\" data-widget_type=\"text-editor.default\">\n\t\t\t\t<div class=\"elementor-widget-container\">\n\t\t\t\t\t\t\t\n\nEstamos especialmente dedicados a servi\u00e7os de transforma\u00e7\u00e3o de produtos de marca branca para grandes cadeias retalhistas ou empresas de com\u00e9rcio de peixes. Trabalhamos com mat\u00e9ria-prima pr\u00f3pria e tamb\u00e9m com a mat\u00e9ria-prima do cliente.\n\t\t\t\t\t\t<\/div>\n\t\t\t\t<\/div>\n\t\t\t\t\t<\/div>\n\t\t<\/div>\n\t\t\t\t<div class=\"elementor-column elementor-col-50 elementor-top-column elementor-element elementor-element-ff7ba29\" data-id=\"ff7ba29\" data-element_type=\"column\">\n\t\t\t<div class=\"elementor-widget-wrap elementor-element-populated\">\n\t\t\t\t\t\t<div class=\"elementor-element elementor-element-a646032 elementor-widget elementor-widget-image\" data-id=\"a646032\" data-element_type=\"widget\" data-widget_type=\"image.default\">\n\t\t\t\t<div class=\"elementor-widget-container\">\n\t\t\t<style>\/*! elementor - v3.23.0 - 05-08-2024 *\/\n.elementor-widget-image{text-align:center}.elementor-widget-image a{display:inline-block}.elementor-widget-image a img[src$=\".svg\"]{width:48px}.elementor-widget-image img{vertical-align:middle;display:inline-block}<\/style>\t\t\t\t\t\t\t\t\t\t<img fetchpriority=\"high\" decoding=\"async\" width=\"1187\" height=\"1200\" src=\"https:\/\/seisoitofish.com\/2025\/wp-content\/uploads\/2024\/08\/produto3-1-1187x1200.jpg\" class=\"attachment-large size-large wp-image-115\" alt=\"\" srcset=\"https:\/\/seisoitofish.com\/2025\/wp-content\/uploads\/2024\/08\/produto3-1-1187x1200.jpg 1187w, https:\/\/seisoitofish.com\/2025\/wp-content\/uploads\/2024\/08\/produto3-1-495x500.jpg 495w, https:\/\/seisoitofish.com\/2025\/wp-content\/uploads\/2024\/08\/produto3-1-297x300.jpg 297w, https:\/\/seisoitofish.com\/2025\/wp-content\/uploads\/2024\/08\/produto3-1-768x776.jpg 768w, https:\/\/seisoitofish.com\/2025\/wp-content\/uploads\/2024\/08\/produto3-1-74x75.jpg 74w, https:\/\/seisoitofish.com\/2025\/wp-content\/uploads\/2024\/08\/produto3-1-480x485.jpg 480w, https:\/\/seisoitofish.com\/2025\/wp-content\/uploads\/2024\/08\/produto3-1.jpg 1315w\" sizes=\"(max-width:767px) 480px, (max-width:1187px) 100vw, 1187px\" \/>\t\t\t\t\t\t\t\t\t\t\t\t\t<\/div>\n\t\t\t\t<\/div>\n\t\t\t\t\t<\/div>\n\t\t<\/div>\n\t\t\t\t\t<\/div>\n\t\t<\/section>\n\t\t\t\t<section class=\"elementor-section elementor-top-section elementor-element elementor-element-6199bec elementor-section-stretched elementor-section-boxed elementor-section-height-default elementor-section-height-default\" data-id=\"6199bec\" data-element_type=\"section\" data-settings=\"{&quot;stretch_section&quot;:&quot;section-stretched&quot;,&quot;background_background&quot;:&quot;video&quot;,&quot;background_video_link&quot;:&quot;https:\\\/\\\/seisoitofish.com\\\/2025\\\/wp-content\\\/uploads\\\/2024\\\/08\\\/Design-sem-nome3-1.mp4&quot;}\">\n\t\t\t\t\t\t\t\t<div class=\"elementor-background-video-container elementor-hidden-phone\">\n\t\t\t\t\t\t\t\t\t\t\t\t\t<video class=\"elementor-background-video-hosted elementor-html5-video\" autoplay muted playsinline loop><\/video>\n\t\t\t\t\t\t\t\t\t\t\t<\/div>\n\t\t\t\t\t\t\t\t<div class=\"elementor-container elementor-column-gap-wider\">\n\t\t\t\t\t<div class=\"elementor-column elementor-col-100 elementor-top-column elementor-element elementor-element-1c992d4\" data-id=\"1c992d4\" data-element_type=\"column\">\n\t\t\t<div class=\"elementor-widget-wrap elementor-element-populated\">\n\t\t\t\t\t\t<div class=\"elementor-element elementor-element-d6c71a6 elementor-widget elementor-widget-text-editor\" data-id=\"d6c71a6\" data-element_type=\"widget\" data-widget_type=\"text-editor.default\">\n\t\t\t\t<div class=\"elementor-widget-container\">\n\t\t\t\t\t\t\t<h2><span style=\"color: #333333;\"><strong>Como Encomendar<\/strong>?\n<\/span><\/h2>\t\t\t\t\t\t<\/div>\n\t\t\t\t<\/div>\n\t\t\t\t<div class=\"elementor-element elementor-element-5b0317a elementor-widget elementor-widget-text-editor\" data-id=\"5b0317a\" data-element_type=\"widget\" data-widget_type=\"text-editor.default\">\n\t\t\t\t<div class=\"elementor-widget-container\">\n\t\t\t\t\t\t\t<h5><span style=\"color: #333333;\">O nosso processo de encomenda \u00e9 bastante simples. Na primeira encomenda, ficam resolvidos grande parte das quest\u00f5es burocr\u00e1ticas e financeiras. Or\u00e7amentos, planos de pagamento, prazos de entrega, maquetes, cores e prot\u00f3tipos, s\u00e3o algo que estamos perfeitamente habituados a lidar de forma c\u00e9lere e profissional. Ap\u00f3s esse momento, o processo torna-se ainda mais r\u00e1pido, com um gestor de cliente dedicado que com um simples email pode re-encomendar algum produto.\n<\/span><\/h5>\t\t\t\t\t\t<\/div>\n\t\t\t\t<\/div>\n\t\t\t\t<div class=\"elementor-element elementor-element-cc6d7f3 elementor-align-center elementor-widget elementor-widget-button\" data-id=\"cc6d7f3\" data-element_type=\"widget\" data-widget_type=\"button.default\">\n\t\t\t\t<div class=\"elementor-widget-container\">\n\t\t\t\t\t<div class=\"elementor-button-wrapper\">\n\t\t\t<a class=\"elementor-button elementor-button-link elementor-size-sm\" href=\"https:\/\/seisoitofish.com\/2025\/contatos\/\">\n\t\t\t\t\t\t<span class=\"elementor-button-content-wrapper\">\n\t\t\t\t\t\t\t\t\t<span class=\"elementor-button-text\">Falar com a Seis Oito Fish<\/span>\n\t\t\t\t\t<\/span>\n\t\t\t\t\t<\/a>\n\t\t<\/div>\n\t\t\t\t<\/div>\n\t\t\t\t<\/div>\n\t\t\t\t\t<\/div>\n\t\t<\/div>\n\t\t\t\t\t<\/div>\n\t\t<\/section>\n\t\t\t\t<section class=\"elementor-section elementor-top-section elementor-element elementor-element-d132ef2 elementor-section-content-middle elementor-section-stretched elementor-section-boxed elementor-section-height-default elementor-section-height-default\" data-id=\"d132ef2\" data-element_type=\"section\" data-settings=\"{&quot;stretch_section&quot;:&quot;section-stretched&quot;}\">\n\t\t\t\t\t\t<div class=\"elementor-container elementor-column-gap-wider\">\n\t\t\t\t\t<div class=\"elementor-column elementor-col-50 elementor-top-column elementor-element elementor-element-bd4a74b\" data-id=\"bd4a74b\" data-element_type=\"column\">\n\t\t\t<div class=\"elementor-widget-wrap elementor-element-populated\">\n\t\t\t\t\t\t<div class=\"elementor-element elementor-element-8c1df60 elementor-widget elementor-widget-text-editor\" data-id=\"8c1df60\" data-element_type=\"widget\" data-widget_type=\"text-editor.default\">\n\t\t\t\t<div class=\"elementor-widget-container\">\n\t\t\t\t\t\t\t<h2><strong>Embalagens<\/strong><\/h2>\t\t\t\t\t\t<\/div>\n\t\t\t\t<\/div>\n\t\t\t\t<div class=\"elementor-element elementor-element-c10eee6 elementor-widget elementor-widget-text-editor\" data-id=\"c10eee6\" data-element_type=\"widget\" data-widget_type=\"text-editor.default\">\n\t\t\t\t<div class=\"elementor-widget-container\">\n\t\t\t\t\t\t\t<p>A SeisOitofish tem uma unidade industrial com mais de 2.000 metros quadrados de infraestrutura. A mais recente expans\u00e3o das instala\u00e7\u00f5es, em mar\u00e7o de 2021, permitiu dotar a empresa com capacidade de armazenamento para mais de 1000 toneladas de produto.<\/p>\t\t\t\t\t\t<\/div>\n\t\t\t\t<\/div>\n\t\t\t\t<div class=\"elementor-element elementor-element-3965de2 elementor-mobile-align-center elementor-widget elementor-widget-button\" data-id=\"3965de2\" data-element_type=\"widget\" data-widget_type=\"button.default\">\n\t\t\t\t<div class=\"elementor-widget-container\">\n\t\t\t\t\t<div class=\"elementor-button-wrapper\">\n\t\t\t<a class=\"elementor-button elementor-button-link elementor-size-sm\" href=\"https:\/\/seisoitofish.com\/2025\/business\/\">\n\t\t\t\t\t\t<span class=\"elementor-button-content-wrapper\">\n\t\t\t\t\t\t\t\t\t<span class=\"elementor-button-text\">Ler Mais<\/span>\n\t\t\t\t\t<\/span>\n\t\t\t\t\t<\/a>\n\t\t<\/div>\n\t\t\t\t<\/div>\n\t\t\t\t<\/div>\n\t\t\t\t\t<\/div>\n\t\t<\/div>\n\t\t\t\t<div class=\"elementor-column elementor-col-50 elementor-top-column elementor-element elementor-element-e1e3ccc\" data-id=\"e1e3ccc\" data-element_type=\"column\">\n\t\t\t<div class=\"elementor-widget-wrap elementor-element-populated\">\n\t\t\t\t\t\t<div class=\"elementor-element elementor-element-9debfe4 elementor-widget elementor-widget-image\" data-id=\"9debfe4\" data-element_type=\"widget\" data-widget_type=\"image.default\">\n\t\t\t\t<div class=\"elementor-widget-container\">\n\t\t\t\t\t\t\t\t\t\t\t\t\t<img decoding=\"async\" width=\"1050\" height=\"1050\" src=\"https:\/\/seisoitofish.com\/2025\/wp-content\/uploads\/2024\/08\/produto.jpg\" class=\"attachment-large size-large wp-image-112\" alt=\"\" srcset=\"https:\/\/seisoitofish.com\/2025\/wp-content\/uploads\/2024\/08\/produto.jpg 1050w, https:\/\/seisoitofish.com\/2025\/wp-content\/uploads\/2024\/08\/produto-500x500.jpg 500w, https:\/\/seisoitofish.com\/2025\/wp-content\/uploads\/2024\/08\/produto-300x300.jpg 300w, https:\/\/seisoitofish.com\/2025\/wp-content\/uploads\/2024\/08\/produto-768x768.jpg 768w, https:\/\/seisoitofish.com\/2025\/wp-content\/uploads\/2024\/08\/produto-150x150.jpg 150w, https:\/\/seisoitofish.com\/2025\/wp-content\/uploads\/2024\/08\/produto-75x75.jpg 75w, https:\/\/seisoitofish.com\/2025\/wp-content\/uploads\/2024\/08\/produto-480x480.jpg 480w\" sizes=\"(max-width:767px) 480px, (max-width:1050px) 100vw, 1050px\" \/>\t\t\t\t\t\t\t\t\t\t\t\t\t<\/div>\n\t\t\t\t<\/div>\n\t\t\t\t\t<\/div>\n\t\t<\/div>\n\t\t\t\t\t<\/div>\n\t\t<\/section>\n\t\t\t\t<\/div>\n\t\t","protected":false},"excerpt":{"rendered":"<p>ProdutosMarca Branca para grandes empresas Estamos especialmente dedicados a servi\u00e7os de transforma\u00e7\u00e3o de produtos de marca branca para grandes cadeias retalhistas ou empresas de com\u00e9rcio de<span class=\"excerpt-hellip\"> [\u2026]<\/span><\/p>\n","protected":false},"author":1,"featured_media":0,"parent":0,"menu_order":0,"comment_status":"open","ping_status":"closed","template":"","meta":{"footnotes":""},"class_list":["post-8","page","type-page","status-publish","hentry"],"_links":{"self":[{"href":"https:\/\/seisoitofish.com\/2025\/wp-json\/wp\/v2\/pages\/8","targetHints":{"allow":["GET"]}}],"collection":[{"href":"https:\/\/seisoitofish.com\/2025\/wp-json\/wp\/v2\/pages"}],"about":[{"href":"https:\/\/seisoitofish.com\/2025\/wp-json\/wp\/v2\/types\/page"}],"author":[{"embeddable":true,"href":"https:\/\/seisoitofish.com\/2025\/wp-json\/wp\/v2\/users\/1"}],"replies":[{"embeddable":true,"href":"https:\/\/seisoitofish.com\/2025\/wp-json\/wp\/v2\/comments?post=8"}],"version-history":[{"count":57,"href":"https:\/\/seisoitofish.com\/2025\/wp-json\/wp\/v2\/pages\/8\/revisions"}],"predecessor-version":[{"id":412,"href":"https:\/\/seisoitofish.com\/2025\/wp-json\/wp\/v2\/pages\/8\/revisions\/412"}],"wp:attachment":[{"href":"https:\/\/seisoitofish.com\/2025\/wp-json\/wp\/v2\/media?parent=8"}],"curies":[{"name":"wp","href":"https:\/\/api.w.org\/{rel}","templated":true}]}}