{"id":71,"date":"2020-10-19T12:52:11","date_gmt":"2020-10-19T12:52:11","guid":{"rendered":"https:\/\/themes.muffingroup.com\/be\/corporation3\/?page_id=10"},"modified":"2024-08-27T15:26:41","modified_gmt":"2024-08-27T15:26:41","slug":"sobre-nos","status":"publish","type":"page","link":"https:\/\/seisoitofish.com\/2025\/sobre-nos\/","title":{"rendered":"Sobre N\u00f3s"},"content":{"rendered":"\t\t<div data-elementor-type=\"wp-page\" data-elementor-id=\"71\" class=\"elementor elementor-71\">\n\t\t\t\t\t\t<section class=\"elementor-section elementor-top-section elementor-element elementor-element-3c57f6d elementor-section-full_width elementor-section-stretched elementor-section-height-default elementor-section-height-default\" data-id=\"3c57f6d\" data-element_type=\"section\" data-settings=\"{&quot;stretch_section&quot;:&quot;section-stretched&quot;,&quot;background_background&quot;:&quot;classic&quot;}\">\n\t\t\t\t\t\t<div class=\"elementor-container elementor-column-gap-no\">\n\t\t\t\t\t<div class=\"elementor-column elementor-col-50 elementor-top-column elementor-element elementor-element-8c3d0a0\" data-id=\"8c3d0a0\" data-element_type=\"column\">\n\t\t\t<div class=\"elementor-widget-wrap elementor-element-populated\">\n\t\t\t\t\t\t<div class=\"elementor-element elementor-element-3979696 elementor-widget elementor-widget-text-editor\" data-id=\"3979696\" data-element_type=\"widget\" data-widget_type=\"text-editor.default\">\n\t\t\t\t<div class=\"elementor-widget-container\">\n\t\t\t<style>\/*! elementor - v3.23.0 - 05-08-2024 *\/\n.elementor-widget-text-editor.elementor-drop-cap-view-stacked .elementor-drop-cap{background-color:#69727d;color:#fff}.elementor-widget-text-editor.elementor-drop-cap-view-framed .elementor-drop-cap{color:#69727d;border:3px solid;background-color:transparent}.elementor-widget-text-editor:not(.elementor-drop-cap-view-default) .elementor-drop-cap{margin-top:8px}.elementor-widget-text-editor:not(.elementor-drop-cap-view-default) .elementor-drop-cap-letter{width:1em;height:1em}.elementor-widget-text-editor .elementor-drop-cap{float:left;text-align:center;line-height:1;font-size:50px}.elementor-widget-text-editor .elementor-drop-cap-letter{display:inline-block}<\/style>\t\t\t\t<h1><span style=\"color: #ffffff;\">Sobre N\u00f3s<br \/><\/span><\/h1><h5><span style=\"color: #ffffff;\">A hist\u00f3ria da Seis Oito Fish<\/span><\/h5>\t\t\t\t\t\t<\/div>\n\t\t\t\t<\/div>\n\t\t\t\t<div class=\"elementor-element elementor-element-70a943e elementor-widget elementor-widget-spacer\" data-id=\"70a943e\" data-element_type=\"widget\" data-widget_type=\"spacer.default\">\n\t\t\t\t<div class=\"elementor-widget-container\">\n\t\t\t<style>\/*! elementor - v3.23.0 - 05-08-2024 *\/\n.elementor-column .elementor-spacer-inner{height:var(--spacer-size)}.e-con{--container-widget-width:100%}.e-con-inner>.elementor-widget-spacer,.e-con>.elementor-widget-spacer{width:var(--container-widget-width,var(--spacer-size));--align-self:var(--container-widget-align-self,initial);--flex-shrink:0}.e-con-inner>.elementor-widget-spacer>.elementor-widget-container,.e-con>.elementor-widget-spacer>.elementor-widget-container{height:100%;width:100%}.e-con-inner>.elementor-widget-spacer>.elementor-widget-container>.elementor-spacer,.e-con>.elementor-widget-spacer>.elementor-widget-container>.elementor-spacer{height:100%}.e-con-inner>.elementor-widget-spacer>.elementor-widget-container>.elementor-spacer>.elementor-spacer-inner,.e-con>.elementor-widget-spacer>.elementor-widget-container>.elementor-spacer>.elementor-spacer-inner{height:var(--container-widget-height,var(--spacer-size))}.e-con-inner>.elementor-widget-spacer.elementor-widget-empty,.e-con>.elementor-widget-spacer.elementor-widget-empty{position:relative;min-height:22px;min-width:22px}.e-con-inner>.elementor-widget-spacer.elementor-widget-empty .elementor-widget-empty-icon,.e-con>.elementor-widget-spacer.elementor-widget-empty .elementor-widget-empty-icon{position:absolute;top:0;bottom:0;left:0;right:0;margin:auto;padding:0;width:22px;height:22px}<\/style>\t\t<div class=\"elementor-spacer\">\n\t\t\t<div class=\"elementor-spacer-inner\"><\/div>\n\t\t<\/div>\n\t\t\t\t<\/div>\n\t\t\t\t<\/div>\n\t\t\t\t\t<\/div>\n\t\t<\/div>\n\t\t\t\t<div class=\"elementor-column elementor-col-50 elementor-top-column elementor-element elementor-element-677ba3a\" data-id=\"677ba3a\" data-element_type=\"column\">\n\t\t\t<div class=\"elementor-widget-wrap elementor-element-populated\">\n\t\t\t\t\t\t<div class=\"elementor-element elementor-element-78f7725 elementor-widget elementor-widget-spacer\" data-id=\"78f7725\" data-element_type=\"widget\" data-widget_type=\"spacer.default\">\n\t\t\t\t<div class=\"elementor-widget-container\">\n\t\t\t\t\t<div class=\"elementor-spacer\">\n\t\t\t<div class=\"elementor-spacer-inner\"><\/div>\n\t\t<\/div>\n\t\t\t\t<\/div>\n\t\t\t\t<\/div>\n\t\t\t\t\t<\/div>\n\t\t<\/div>\n\t\t\t\t\t<\/div>\n\t\t<\/section>\n\t\t\t\t<section class=\"elementor-section elementor-top-section elementor-element elementor-element-fd118ca elementor-section-stretched elementor-section-boxed elementor-section-height-default elementor-section-height-default\" data-id=\"fd118ca\" data-element_type=\"section\" data-settings=\"{&quot;stretch_section&quot;:&quot;section-stretched&quot;}\">\n\t\t\t\t\t\t<div class=\"elementor-container elementor-column-gap-wider\">\n\t\t\t\t\t<div class=\"elementor-column elementor-col-100 elementor-top-column elementor-element elementor-element-d54c6f3\" data-id=\"d54c6f3\" data-element_type=\"column\">\n\t\t\t<div class=\"elementor-widget-wrap elementor-element-populated\">\n\t\t\t\t\t\t<div class=\"elementor-element elementor-element-3aaf8a2 elementor-widget elementor-widget-image\" data-id=\"3aaf8a2\" data-element_type=\"widget\" data-widget_type=\"image.default\">\n\t\t\t\t<div class=\"elementor-widget-container\">\n\t\t\t<style>\/*! elementor - v3.23.0 - 05-08-2024 *\/\n.elementor-widget-image{text-align:center}.elementor-widget-image a{display:inline-block}.elementor-widget-image a img[src$=\".svg\"]{width:48px}.elementor-widget-image img{vertical-align:middle;display:inline-block}<\/style>\t\t\t\t\t\t\t\t\t\t<img decoding=\"async\" width=\"270\" height=\"109\" src=\"https:\/\/seisoitofish.com\/2025\/wp-content\/uploads\/2020\/10\/corporation3-sectionbg2.png\" class=\"attachment-large size-large wp-image-82\" alt=\"\" srcset=\"https:\/\/seisoitofish.com\/2025\/wp-content\/uploads\/2020\/10\/corporation3-sectionbg2.png 270w, https:\/\/seisoitofish.com\/2025\/wp-content\/uploads\/2020\/10\/corporation3-sectionbg2-150x61.png 150w\" sizes=\"(max-width:767px) 270px, 270px\" \/>\t\t\t\t\t\t\t\t\t\t\t\t\t<\/div>\n\t\t\t\t<\/div>\n\t\t\t\t\t<\/div>\n\t\t<\/div>\n\t\t\t\t\t<\/div>\n\t\t<\/section>\n\t\t\t\t<section class=\"elementor-section elementor-top-section elementor-element elementor-element-36b8cf4 elementor-section-stretched elementor-section-boxed elementor-section-height-default elementor-section-height-default\" data-id=\"36b8cf4\" data-element_type=\"section\" data-settings=\"{&quot;stretch_section&quot;:&quot;section-stretched&quot;}\">\n\t\t\t\t\t\t<div class=\"elementor-container elementor-column-gap-wider\">\n\t\t\t\t\t<div class=\"elementor-column elementor-col-100 elementor-top-column elementor-element elementor-element-f1ac581\" data-id=\"f1ac581\" data-element_type=\"column\">\n\t\t\t<div class=\"elementor-widget-wrap elementor-element-populated\">\n\t\t\t\t\t\t<div class=\"elementor-element elementor-element-1fb64bb elementor-widget elementor-widget-text-editor\" data-id=\"1fb64bb\" data-element_type=\"widget\" data-widget_type=\"text-editor.default\">\n\t\t\t\t<div class=\"elementor-widget-container\">\n\t\t\t\t\t\t\t<h2>J\u00e1 conhece a Seis Oito Fish?<\/h2><p>Estamos especialmente dedicados a servi\u00e7os de transforma\u00e7\u00e3o de produtos de marca branca para grandes cadeias retalhistas ou empresas de com\u00e9rcio de peixes. Trabalhamos com mat\u00e9ria-prima pr\u00f3pria e tamb\u00e9m com a mat\u00e9ria-prima do cliente.<\/p>\t\t\t\t\t\t<\/div>\n\t\t\t\t<\/div>\n\t\t\t\t\t<\/div>\n\t\t<\/div>\n\t\t\t\t\t<\/div>\n\t\t<\/section>\n\t\t\t\t<section class=\"elementor-section elementor-top-section elementor-element elementor-element-46e9ebb elementor-section-content-middle elementor-section-stretched elementor-section-boxed elementor-section-height-default elementor-section-height-default\" data-id=\"46e9ebb\" data-element_type=\"section\" data-settings=\"{&quot;stretch_section&quot;:&quot;section-stretched&quot;}\">\n\t\t\t\t\t\t<div class=\"elementor-container elementor-column-gap-wider\">\n\t\t\t\t\t<div class=\"elementor-column elementor-col-50 elementor-top-column elementor-element elementor-element-ded2166\" data-id=\"ded2166\" data-element_type=\"column\">\n\t\t\t<div class=\"elementor-widget-wrap elementor-element-populated\">\n\t\t\t\t\t\t<div class=\"elementor-element elementor-element-784b8c2 elementor-widget elementor-widget-image\" data-id=\"784b8c2\" data-element_type=\"widget\" data-widget_type=\"image.default\">\n\t\t\t\t<div class=\"elementor-widget-container\">\n\t\t\t\t\t\t\t\t\t\t\t\t\t<img fetchpriority=\"high\" decoding=\"async\" width=\"1051\" height=\"1051\" src=\"https:\/\/seisoitofish.com\/2025\/wp-content\/uploads\/2024\/08\/produto2.jpg\" class=\"attachment-large size-large wp-image-113\" alt=\"\" srcset=\"https:\/\/seisoitofish.com\/2025\/wp-content\/uploads\/2024\/08\/produto2.jpg 1051w, https:\/\/seisoitofish.com\/2025\/wp-content\/uploads\/2024\/08\/produto2-500x500.jpg 500w, https:\/\/seisoitofish.com\/2025\/wp-content\/uploads\/2024\/08\/produto2-300x300.jpg 300w, https:\/\/seisoitofish.com\/2025\/wp-content\/uploads\/2024\/08\/produto2-768x768.jpg 768w, https:\/\/seisoitofish.com\/2025\/wp-content\/uploads\/2024\/08\/produto2-150x150.jpg 150w, https:\/\/seisoitofish.com\/2025\/wp-content\/uploads\/2024\/08\/produto2-75x75.jpg 75w, https:\/\/seisoitofish.com\/2025\/wp-content\/uploads\/2024\/08\/produto2-480x480.jpg 480w\" sizes=\"(max-width:767px) 480px, (max-width:1051px) 100vw, 1051px\" \/>\t\t\t\t\t\t\t\t\t\t\t\t\t<\/div>\n\t\t\t\t<\/div>\n\t\t\t\t<div class=\"elementor-element elementor-element-ec44ea3 elementor-widget elementor-widget-text-editor\" data-id=\"ec44ea3\" data-element_type=\"widget\" data-widget_type=\"text-editor.default\">\n\t\t\t\t<div class=\"elementor-widget-container\">\n\t\t\t\t\t\t\t<h3><span class=\"themecolor\">Crescimento,<\/span>\u00a0 qualidade e valor<\/h3><p class=\"p1\">A f\u00e1brica est\u00e1 estrategicamente localizada em Guimar\u00e3es, uma cidade que tem uma grande vantagem geogr\u00e1fica por estar localizada a pouco mais de 100 km de Vigo e a poucas horas de outros importantes portos de pesca do pa\u00eds.<\/p><p class=\"p1\">A SeisOitofish tem uma unidade industrial com mais de 2.000 metros quadrados de infraestrutura. A mais recente expans\u00e3o das instala\u00e7\u00f5es, em mar\u00e7o de 2021, permitiu dotar a empresa com capacidade de armazenamento para mais de 1000 toneladas de produto.<\/p>\t\t\t\t\t\t<\/div>\n\t\t\t\t<\/div>\n\t\t\t\t\t<\/div>\n\t\t<\/div>\n\t\t\t\t<div class=\"elementor-column elementor-col-50 elementor-top-column elementor-element elementor-element-b512c05\" data-id=\"b512c05\" data-element_type=\"column\">\n\t\t\t<div class=\"elementor-widget-wrap elementor-element-populated\">\n\t\t\t\t\t\t<div class=\"elementor-element elementor-element-ce83212 elementor-widget elementor-widget-image\" data-id=\"ce83212\" data-element_type=\"widget\" data-widget_type=\"image.default\">\n\t\t\t\t<div class=\"elementor-widget-container\">\n\t\t\t\t\t\t\t\t\t\t\t\t\t<img decoding=\"async\" width=\"1051\" height=\"1051\" src=\"https:\/\/seisoitofish.com\/2025\/wp-content\/uploads\/2024\/08\/produto21.jpg\" class=\"attachment-large size-large wp-image-135\" alt=\"\" srcset=\"https:\/\/seisoitofish.com\/2025\/wp-content\/uploads\/2024\/08\/produto21.jpg 1051w, https:\/\/seisoitofish.com\/2025\/wp-content\/uploads\/2024\/08\/produto21-500x500.jpg 500w, https:\/\/seisoitofish.com\/2025\/wp-content\/uploads\/2024\/08\/produto21-300x300.jpg 300w, https:\/\/seisoitofish.com\/2025\/wp-content\/uploads\/2024\/08\/produto21-768x768.jpg 768w, https:\/\/seisoitofish.com\/2025\/wp-content\/uploads\/2024\/08\/produto21-150x150.jpg 150w, https:\/\/seisoitofish.com\/2025\/wp-content\/uploads\/2024\/08\/produto21-75x75.jpg 75w, https:\/\/seisoitofish.com\/2025\/wp-content\/uploads\/2024\/08\/produto21-480x480.jpg 480w\" sizes=\"(max-width:767px) 480px, (max-width:1051px) 100vw, 1051px\" \/>\t\t\t\t\t\t\t\t\t\t\t\t\t<\/div>\n\t\t\t\t<\/div>\n\t\t\t\t<div class=\"elementor-element elementor-element-0b5af09 elementor-widget elementor-widget-text-editor\" data-id=\"0b5af09\" data-element_type=\"widget\" data-widget_type=\"text-editor.default\">\n\t\t\t\t<div class=\"elementor-widget-container\">\n\t\t\t\t\t\t\t<h3><span class=\"themecolor\">Modernidade,<\/span> Inova\u00e7\u00e3o e Tradi\u00e7\u00e3o<\/h3><p>A empresa est\u00e1 equipada com diversos equipamentos, incluindo m\u00e1quina de classifica\u00e7\u00e3o autom\u00e1tica e equipamentos para diversos tipos de embalagens, como termoformadora para filme r\u00edgido, m\u00e1quinas Flow Pack da prestigiada marca ULMA para embalagem em filme retr\u00e1til, balan\u00e7a multicabe\u00e7al autom\u00e1tica, m\u00e1quina de embalagem a v\u00e1cuo, detetores de metal, m\u00e1quina a laser para impress\u00e3o de embalagens de cart\u00e3o (caixas), etc.<\/p>\t\t\t\t\t\t<\/div>\n\t\t\t\t<\/div>\n\t\t\t\t\t<\/div>\n\t\t<\/div>\n\t\t\t\t\t<\/div>\n\t\t<\/section>\n\t\t\t\t<section class=\"elementor-section elementor-top-section elementor-element elementor-element-327e99d elementor-section-stretched elementor-section-boxed elementor-section-height-default elementor-section-height-default\" data-id=\"327e99d\" data-element_type=\"section\" data-settings=\"{&quot;stretch_section&quot;:&quot;section-stretched&quot;}\">\n\t\t\t\t\t\t<div class=\"elementor-container elementor-column-gap-wider\">\n\t\t\t\t\t<div class=\"elementor-column elementor-col-100 elementor-top-column elementor-element elementor-element-ddf7559\" data-id=\"ddf7559\" data-element_type=\"column\">\n\t\t\t<div class=\"elementor-widget-wrap elementor-element-populated\">\n\t\t\t\t\t\t<div class=\"elementor-element elementor-element-73aac13 elementor-widget elementor-widget-text-editor\" data-id=\"73aac13\" data-element_type=\"widget\" data-widget_type=\"text-editor.default\">\n\t\t\t\t<div class=\"elementor-widget-container\">\n\t\t\t\t\t\t\t<h2>Crescemos com as nossas pessoas. <span class=\"themecolor\">Experi\u00eancia, qualidade e profissionalismo<br \/><\/span><\/h2>\t\t\t\t\t\t<\/div>\n\t\t\t\t<\/div>\n\t\t\t\t<div class=\"elementor-element elementor-element-0a95df4 elementor-widget elementor-widget-text-editor\" data-id=\"0a95df4\" data-element_type=\"widget\" data-widget_type=\"text-editor.default\">\n\t\t\t\t<div class=\"elementor-widget-container\">\n\t\t\t\t\t\t\t<p>Cada empresa \u00e9 composta pelos seus colaboradores. A nossa, tem a imensa sorte de ter as melhores do mundo, envolvidas na hist\u00f3ria e miss\u00e3o da empresa de crescimento sustentado na qualidade, certifica\u00e7\u00e3o e acompanhamento das mais recentes t\u00e9cnicas e tecnologias.<\/p>\t\t\t\t\t\t<\/div>\n\t\t\t\t<\/div>\n\t\t\t\t\t<\/div>\n\t\t<\/div>\n\t\t\t\t\t<\/div>\n\t\t<\/section>\n\t\t\t\t<section class=\"elementor-section elementor-top-section elementor-element elementor-element-4f7bc46 elementor-section-stretched elementor-section-boxed elementor-section-height-default elementor-section-height-default\" data-id=\"4f7bc46\" data-element_type=\"section\" data-settings=\"{&quot;stretch_section&quot;:&quot;section-stretched&quot;}\">\n\t\t\t\t\t\t<div class=\"elementor-container elementor-column-gap-default\">\n\t\t\t\t\t<div class=\"elementor-column elementor-col-33 elementor-top-column elementor-element elementor-element-f1988b6\" data-id=\"f1988b6\" data-element_type=\"column\">\n\t\t\t<div class=\"elementor-widget-wrap elementor-element-populated\">\n\t\t\t\t\t\t<div class=\"elementor-element elementor-element-09ff9e1 elementor-widget elementor-widget-text-editor\" data-id=\"09ff9e1\" data-element_type=\"widget\" data-widget_type=\"text-editor.default\">\n\t\t\t\t<div class=\"elementor-widget-container\">\n\t\t\t\t\t\t\t<h3 class=\"themecolor\">01<\/h3><h3>Valores<\/h3><p>Lorem ipsum dolor sit amet, <br \/>consectetur adipiscing elit.<\/p>\t\t\t\t\t\t<\/div>\n\t\t\t\t<\/div>\n\t\t\t\t\t<\/div>\n\t\t<\/div>\n\t\t\t\t<div class=\"elementor-column elementor-col-33 elementor-top-column elementor-element elementor-element-777fb3c\" data-id=\"777fb3c\" data-element_type=\"column\">\n\t\t\t<div class=\"elementor-widget-wrap elementor-element-populated\">\n\t\t\t\t\t\t<div class=\"elementor-element elementor-element-9c42a0a elementor-widget elementor-widget-text-editor\" data-id=\"9c42a0a\" data-element_type=\"widget\" data-widget_type=\"text-editor.default\">\n\t\t\t\t<div class=\"elementor-widget-container\">\n\t\t\t\t\t\t\t<h3 class=\"themecolor\">02<\/h3><h3>Miss\u00e3o<\/h3><p>Lorem ipsum dolor sit amet, <br \/>consectetur adipiscing elit.<\/p>\t\t\t\t\t\t<\/div>\n\t\t\t\t<\/div>\n\t\t\t\t\t<\/div>\n\t\t<\/div>\n\t\t\t\t<div class=\"elementor-column elementor-col-33 elementor-top-column elementor-element elementor-element-3b51c50\" data-id=\"3b51c50\" data-element_type=\"column\">\n\t\t\t<div class=\"elementor-widget-wrap elementor-element-populated\">\n\t\t\t\t\t\t<div class=\"elementor-element elementor-element-53a72a9 elementor-widget elementor-widget-text-editor\" data-id=\"53a72a9\" data-element_type=\"widget\" data-widget_type=\"text-editor.default\">\n\t\t\t\t<div class=\"elementor-widget-container\">\n\t\t\t\t\t\t\t<h3 class=\"themecolor\">03<\/h3><h3>Vis\u00e3o<\/h3><p>Lorem ipsum dolor sit amet, <br \/>consectetur adipiscing elit.<\/p>\t\t\t\t\t\t<\/div>\n\t\t\t\t<\/div>\n\t\t\t\t\t<\/div>\n\t\t<\/div>\n\t\t\t\t\t<\/div>\n\t\t<\/section>\n\t\t\t\t<section class=\"elementor-section elementor-top-section elementor-element elementor-element-4cab698 elementor-section-stretched elementor-section-boxed elementor-section-height-default elementor-section-height-default\" data-id=\"4cab698\" data-element_type=\"section\" data-settings=\"{&quot;stretch_section&quot;:&quot;section-stretched&quot;,&quot;background_background&quot;:&quot;classic&quot;}\">\n\t\t\t\t\t\t<div class=\"elementor-container elementor-column-gap-wider\">\n\t\t\t\t\t<div class=\"elementor-column elementor-col-50 elementor-top-column elementor-element elementor-element-e81ca72\" data-id=\"e81ca72\" data-element_type=\"column\">\n\t\t\t<div class=\"elementor-widget-wrap elementor-element-populated\">\n\t\t\t\t\t\t<div class=\"elementor-element elementor-element-f15afb7 elementor-widget elementor-widget-text-editor\" data-id=\"f15afb7\" data-element_type=\"widget\" data-widget_type=\"text-editor.default\">\n\t\t\t\t<div class=\"elementor-widget-container\">\n\t\t\t\t\t\t\t<h3>Precisa de embalar os seus produtos?<\/h3>\t\t\t\t\t\t<\/div>\n\t\t\t\t<\/div>\n\t\t\t\t<div class=\"elementor-element elementor-element-534248f elementor-widget elementor-widget-text-editor\" data-id=\"534248f\" data-element_type=\"widget\" data-widget_type=\"text-editor.default\">\n\t\t\t\t<div class=\"elementor-widget-container\">\n\t\t\t\t\t\t\t<p>Entre em contato com a nossa empresa e solicite visita comercial ou um simples or\u00e7amento. Responderemos \u00e0 sua quest\u00e3o e conseguiremos resolver o sue problema com a maior brevidade, qualidade e valor + baixo poss\u00edvel.<\/p>\t\t\t\t\t\t<\/div>\n\t\t\t\t<\/div>\n\t\t\t\t<div class=\"elementor-element elementor-element-3de99d7 elementor-widget elementor-widget-button\" data-id=\"3de99d7\" data-element_type=\"widget\" data-widget_type=\"button.default\">\n\t\t\t\t<div class=\"elementor-widget-container\">\n\t\t\t\t\t<div class=\"elementor-button-wrapper\">\n\t\t\t<a class=\"elementor-button elementor-button-link elementor-size-sm\" href=\"https:\/\/seisoitofish.com\/2025\/contact-us\/\">\n\t\t\t\t\t\t<span class=\"elementor-button-content-wrapper\">\n\t\t\t\t\t\t\t\t\t<span class=\"elementor-button-text\">Fale com a Seis Oito Fish<\/span>\n\t\t\t\t\t<\/span>\n\t\t\t\t\t<\/a>\n\t\t<\/div>\n\t\t\t\t<\/div>\n\t\t\t\t<\/div>\n\t\t\t\t\t<\/div>\n\t\t<\/div>\n\t\t\t\t<div class=\"elementor-column elementor-col-50 elementor-top-column elementor-element elementor-element-448635c\" data-id=\"448635c\" data-element_type=\"column\">\n\t\t\t<div class=\"elementor-widget-wrap elementor-element-populated\">\n\t\t\t\t\t\t<div class=\"elementor-element elementor-element-f179beb elementor-widget elementor-widget-image\" data-id=\"f179beb\" data-element_type=\"widget\" data-widget_type=\"image.default\">\n\t\t\t\t<div class=\"elementor-widget-container\">\n\t\t\t\t\t\t\t\t\t\t\t\t\t<img loading=\"lazy\" decoding=\"async\" width=\"1187\" height=\"1200\" src=\"https:\/\/seisoitofish.com\/2025\/wp-content\/uploads\/2024\/08\/BANNERF-1187x1200.png\" class=\"attachment-large size-large wp-image-140\" alt=\"\" srcset=\"https:\/\/seisoitofish.com\/2025\/wp-content\/uploads\/2024\/08\/BANNERF-1187x1200.png 1187w, https:\/\/seisoitofish.com\/2025\/wp-content\/uploads\/2024\/08\/BANNERF-495x500.png 495w, https:\/\/seisoitofish.com\/2025\/wp-content\/uploads\/2024\/08\/BANNERF-297x300.png 297w, https:\/\/seisoitofish.com\/2025\/wp-content\/uploads\/2024\/08\/BANNERF-768x776.png 768w, https:\/\/seisoitofish.com\/2025\/wp-content\/uploads\/2024\/08\/BANNERF-74x75.png 74w, https:\/\/seisoitofish.com\/2025\/wp-content\/uploads\/2024\/08\/BANNERF-480x485.png 480w, https:\/\/seisoitofish.com\/2025\/wp-content\/uploads\/2024\/08\/BANNERF.png 1315w\" sizes=\"(max-width:767px) 480px, (max-width:1187px) 100vw, 1187px\" \/>\t\t\t\t\t\t\t\t\t\t\t\t\t<\/div>\n\t\t\t\t<\/div>\n\t\t\t\t\t<\/div>\n\t\t<\/div>\n\t\t\t\t\t<\/div>\n\t\t<\/section>\n\t\t\t\t<\/div>\n\t\t","protected":false},"excerpt":{"rendered":"<p>Sobre N\u00f3s A hist\u00f3ria da Seis Oito Fish J\u00e1 conhece a Seis Oito Fish? Estamos especialmente dedicados a servi\u00e7os de transforma\u00e7\u00e3o de produtos de marca branca<span class=\"excerpt-hellip\"> [\u2026]<\/span><\/p>\n","protected":false},"author":1,"featured_media":0,"parent":0,"menu_order":0,"comment_status":"open","ping_status":"closed","template":"","meta":{"footnotes":""},"class_list":["post-71","page","type-page","status-publish","hentry"],"_links":{"self":[{"href":"https:\/\/seisoitofish.com\/2025\/wp-json\/wp\/v2\/pages\/71","targetHints":{"allow":["GET"]}}],"collection":[{"href":"https:\/\/seisoitofish.com\/2025\/wp-json\/wp\/v2\/pages"}],"about":[{"href":"https:\/\/seisoitofish.com\/2025\/wp-json\/wp\/v2\/types\/page"}],"author":[{"embeddable":true,"href":"https:\/\/seisoitofish.com\/2025\/wp-json\/wp\/v2\/users\/1"}],"replies":[{"embeddable":true,"href":"https:\/\/seisoitofish.com\/2025\/wp-json\/wp\/v2\/comments?post=71"}],"version-history":[{"count":22,"href":"https:\/\/seisoitofish.com\/2025\/wp-json\/wp\/v2\/pages\/71\/revisions"}],"predecessor-version":[{"id":202,"href":"https:\/\/seisoitofish.com\/2025\/wp-json\/wp\/v2\/pages\/71\/revisions\/202"}],"wp:attachment":[{"href":"https:\/\/seisoitofish.com\/2025\/wp-json\/wp\/v2\/media?parent=71"}],"curies":[{"name":"wp","href":"https:\/\/api.w.org\/{rel}","templated":true}]}}