{"id":362,"date":"2024-08-28T14:04:05","date_gmt":"2024-08-28T14:04:05","guid":{"rendered":"https:\/\/seisoitofish.com\/2025\/?page_id=362"},"modified":"2024-08-28T14:05:06","modified_gmt":"2024-08-28T14:05:06","slug":"sardinha","status":"publish","type":"page","link":"https:\/\/seisoitofish.com\/2025\/produtos\/sardinha\/","title":{"rendered":"Sardinha"},"content":{"rendered":"\t\t<div data-elementor-type=\"wp-page\" data-elementor-id=\"362\" class=\"elementor elementor-362\">\n\t\t\t\t<div class=\"elementor-element elementor-element-c0e0506 e-flex e-con-boxed e-con e-parent\" data-id=\"c0e0506\" data-element_type=\"container\">\n\t\t\t\t\t<div class=\"e-con-inner\">\n\t\t\t\t<div class=\"elementor-element elementor-element-6645c885 elementor-widget elementor-widget-mfn_feature_box\" data-id=\"6645c885\" data-element_type=\"widget\" data-widget_type=\"mfn_feature_box.default\">\n\t\t\t\t<div class=\"elementor-widget-container\">\n\t\t\t<div class=\"feature_box\"><div class=\"feature_box_wrapper\" ><div class=\"photo_wrapper\"><img fetchpriority=\"high\" decoding=\"async\" class=\"scale-with-grid\" src=\"https:\/\/seisoitofish.com\/2025\/wp-content\/uploads\/2024\/08\/sardinhas.jpg\" alt=\"sardinhas\" width=\"1500\" height=\"1500\" \/><\/div><div class=\"desc_wrapper\"><div class=\"desc\"><p><strong>Apresenta\u00e7\u00e3o<br \/><\/strong>Inteira com v\u00edsceras<br \/>Em filete<br \/><br \/><strong>Carater\u00edsticas<\/strong><br \/>Sardina pilchardus<br \/>Arte de pesca e zona de pesca: Cro\u00e1cia\/Marrocos\/Nacional<br \/><br \/><strong>Calibres<\/strong><br \/>40-60 e 10-12<br \/><br \/><strong>Embalagem<br \/><\/strong>Em saco<br \/>A granel<\/p><\/div><\/div><\/div><\/div>\n\t\t<\/div>\n\t\t\t\t<\/div>\n\t\t\t\t\t<\/div>\n\t\t\t\t<\/div>\n\t\t\t\t<\/div>\n\t\t","protected":false},"excerpt":{"rendered":"<p>Apresenta\u00e7\u00e3oInteira com v\u00edscerasEm filete Carater\u00edsticasSardina pilchardusArte de pesca e zona de pesca: Cro\u00e1cia\/Marrocos\/Nacional Calibres40-60 e 10-12 EmbalagemEm sacoA granel<\/p>\n","protected":false},"author":1,"featured_media":0,"parent":14,"menu_order":0,"comment_status":"closed","ping_status":"closed","template":"","meta":{"footnotes":""},"class_list":["post-362","page","type-page","status-publish","hentry"],"_links":{"self":[{"href":"https:\/\/seisoitofish.com\/2025\/wp-json\/wp\/v2\/pages\/362","targetHints":{"allow":["GET"]}}],"collection":[{"href":"https:\/\/seisoitofish.com\/2025\/wp-json\/wp\/v2\/pages"}],"about":[{"href":"https:\/\/seisoitofish.com\/2025\/wp-json\/wp\/v2\/types\/page"}],"author":[{"embeddable":true,"href":"https:\/\/seisoitofish.com\/2025\/wp-json\/wp\/v2\/users\/1"}],"replies":[{"embeddable":true,"href":"https:\/\/seisoitofish.com\/2025\/wp-json\/wp\/v2\/comments?post=362"}],"version-history":[{"count":4,"href":"https:\/\/seisoitofish.com\/2025\/wp-json\/wp\/v2\/pages\/362\/revisions"}],"predecessor-version":[{"id":367,"href":"https:\/\/seisoitofish.com\/2025\/wp-json\/wp\/v2\/pages\/362\/revisions\/367"}],"up":[{"embeddable":true,"href":"https:\/\/seisoitofish.com\/2025\/wp-json\/wp\/v2\/pages\/14"}],"wp:attachment":[{"href":"https:\/\/seisoitofish.com\/2025\/wp-json\/wp\/v2\/media?parent=362"}],"curies":[{"name":"wp","href":"https:\/\/api.w.org\/{rel}","templated":true}]}}