{"id":356,"date":"2024-08-28T14:02:43","date_gmt":"2024-08-28T14:02:43","guid":{"rendered":"https:\/\/seisoitofish.com\/2025\/?page_id=356"},"modified":"2024-08-28T14:03:43","modified_gmt":"2024-08-28T14:03:43","slug":"filetes-de-pescada","status":"publish","type":"page","link":"https:\/\/seisoitofish.com\/2025\/produtos\/filetes-de-pescada\/","title":{"rendered":"Filetes de Pescada"},"content":{"rendered":"\t\t<div data-elementor-type=\"wp-page\" data-elementor-id=\"356\" class=\"elementor elementor-356\">\n\t\t\t\t<div class=\"elementor-element elementor-element-11cfcc42 e-flex e-con-boxed e-con e-parent\" data-id=\"11cfcc42\" data-element_type=\"container\">\n\t\t\t\t\t<div class=\"e-con-inner\">\n\t\t\t\t<div class=\"elementor-element elementor-element-16cb7d0b elementor-widget elementor-widget-mfn_feature_box\" data-id=\"16cb7d0b\" data-element_type=\"widget\" data-widget_type=\"mfn_feature_box.default\">\n\t\t\t\t<div class=\"elementor-widget-container\">\n\t\t\t<div class=\"feature_box\"><div class=\"feature_box_wrapper\" ><div class=\"photo_wrapper\"><img fetchpriority=\"high\" decoding=\"async\" class=\"scale-with-grid\" src=\"https:\/\/seisoitofish.com\/2025\/wp-content\/uploads\/2024\/08\/filetes1.jpg\" alt=\"filetes1\" width=\"1500\" height=\"1497\" \/><\/div><div class=\"desc_wrapper\"><div class=\"desc\"><p><strong>Apresenta\u00e7\u00e3o<br \/><\/strong>Com e Sem Pele<br \/><br \/><strong>Carater\u00edsticas<\/strong><br \/>Merluccius capensis\/paradoxus<br \/>Merluccius hubbsi<br \/>Arte de pesca e zona de pesca vari\u00e1veis<br \/><br \/><strong>Calibres<\/strong><br \/>Diversos<br \/><br \/><strong>Embalagem<br \/><\/strong>Higienizado<br \/>Em saco<br \/>A granel<\/p><\/div><\/div><\/div><\/div>\n\t\t<\/div>\n\t\t\t\t<\/div>\n\t\t\t\t\t<\/div>\n\t\t\t\t<\/div>\n\t\t\t\t<\/div>\n\t\t","protected":false},"excerpt":{"rendered":"<p>Apresenta\u00e7\u00e3oCom e Sem Pele Carater\u00edsticasMerluccius capensis\/paradoxusMerluccius hubbsiArte de pesca e zona de pesca vari\u00e1veis CalibresDiversos EmbalagemHigienizadoEm sacoA granel<\/p>\n","protected":false},"author":1,"featured_media":0,"parent":14,"menu_order":0,"comment_status":"closed","ping_status":"closed","template":"","meta":{"footnotes":""},"class_list":["post-356","page","type-page","status-publish","hentry"],"_links":{"self":[{"href":"https:\/\/seisoitofish.com\/2025\/wp-json\/wp\/v2\/pages\/356","targetHints":{"allow":["GET"]}}],"collection":[{"href":"https:\/\/seisoitofish.com\/2025\/wp-json\/wp\/v2\/pages"}],"about":[{"href":"https:\/\/seisoitofish.com\/2025\/wp-json\/wp\/v2\/types\/page"}],"author":[{"embeddable":true,"href":"https:\/\/seisoitofish.com\/2025\/wp-json\/wp\/v2\/users\/1"}],"replies":[{"embeddable":true,"href":"https:\/\/seisoitofish.com\/2025\/wp-json\/wp\/v2\/comments?post=356"}],"version-history":[{"count":4,"href":"https:\/\/seisoitofish.com\/2025\/wp-json\/wp\/v2\/pages\/356\/revisions"}],"predecessor-version":[{"id":361,"href":"https:\/\/seisoitofish.com\/2025\/wp-json\/wp\/v2\/pages\/356\/revisions\/361"}],"up":[{"embeddable":true,"href":"https:\/\/seisoitofish.com\/2025\/wp-json\/wp\/v2\/pages\/14"}],"wp:attachment":[{"href":"https:\/\/seisoitofish.com\/2025\/wp-json\/wp\/v2\/media?parent=356"}],"curies":[{"name":"wp","href":"https:\/\/api.w.org\/{rel}","templated":true}]}}