{"id":343,"date":"2024-08-28T13:59:04","date_gmt":"2024-08-28T13:59:04","guid":{"rendered":"https:\/\/seisoitofish.com\/2025\/?page_id=343"},"modified":"2024-08-28T14:00:29","modified_gmt":"2024-08-28T14:00:29","slug":"abrotea","status":"publish","type":"page","link":"https:\/\/seisoitofish.com\/2025\/produtos\/abrotea\/","title":{"rendered":"Abr\u00f3tea"},"content":{"rendered":"\t\t<div data-elementor-type=\"wp-page\" data-elementor-id=\"343\" class=\"elementor elementor-343\">\n\t\t\t\t<div class=\"elementor-element elementor-element-2e5c8cb9 e-flex e-con-boxed e-con e-parent\" data-id=\"2e5c8cb9\" data-element_type=\"container\">\n\t\t\t\t\t<div class=\"e-con-inner\">\n\t\t\t\t<div class=\"elementor-element elementor-element-6435b043 elementor-widget elementor-widget-mfn_feature_box\" data-id=\"6435b043\" data-element_type=\"widget\" data-widget_type=\"mfn_feature_box.default\">\n\t\t\t\t<div class=\"elementor-widget-container\">\n\t\t\t<div class=\"feature_box\"><div class=\"feature_box_wrapper\" ><div class=\"photo_wrapper\"><img fetchpriority=\"high\" decoding=\"async\" class=\"scale-with-grid\" src=\"https:\/\/seisoitofish.com\/2025\/wp-content\/uploads\/2024\/08\/brotea.jpg\" alt=\"brotea\" width=\"1496\" height=\"1500\" \/><\/div><div class=\"desc_wrapper\"><div class=\"desc\"><p><strong>Apresenta\u00e7\u00e3o<br \/><\/strong>Inteira, sem cabe\u00e7a, eviscerada<br \/>Em Posta<br \/><br \/><strong>Carater\u00edsticas<\/strong><br \/>Salilota australis, Brotula barbata,<br \/>Urophycis spp, outras esp\u00e9cies<br \/>Arte de pesca e zona de pesca vari\u00e1veis<br \/><br \/><strong>Calibres<\/strong><br \/>Diversos<br \/><br \/><strong>Embalagem<br \/><\/strong>Envolta individualmente: Inteira<br \/>Higienizada: Inteira ou em posta<br \/>Em v\u00e1cuo: Em posta<br \/>Em saco: Inteira ou em posta<br \/>A granel: Inteira ou em posta<\/p><\/div><\/div><\/div><\/div>\n\t\t<\/div>\n\t\t\t\t<\/div>\n\t\t\t\t\t<\/div>\n\t\t\t\t<\/div>\n\t\t\t\t<\/div>\n\t\t","protected":false},"excerpt":{"rendered":"<p>Apresenta\u00e7\u00e3oInteira, sem cabe\u00e7a, evisceradaEm Posta Carater\u00edsticasSalilota australis, Brotula barbata,Urophycis spp, outras esp\u00e9ciesArte de pesca e zona de pesca vari\u00e1veis CalibresDiversos EmbalagemEnvolta individualmente: InteiraHigienizada: Inteira ou em<span class=\"excerpt-hellip\"> [\u2026]<\/span><\/p>\n","protected":false},"author":1,"featured_media":0,"parent":14,"menu_order":0,"comment_status":"closed","ping_status":"closed","template":"","meta":{"footnotes":""},"class_list":["post-343","page","type-page","status-publish","hentry"],"_links":{"self":[{"href":"https:\/\/seisoitofish.com\/2025\/wp-json\/wp\/v2\/pages\/343","targetHints":{"allow":["GET"]}}],"collection":[{"href":"https:\/\/seisoitofish.com\/2025\/wp-json\/wp\/v2\/pages"}],"about":[{"href":"https:\/\/seisoitofish.com\/2025\/wp-json\/wp\/v2\/types\/page"}],"author":[{"embeddable":true,"href":"https:\/\/seisoitofish.com\/2025\/wp-json\/wp\/v2\/users\/1"}],"replies":[{"embeddable":true,"href":"https:\/\/seisoitofish.com\/2025\/wp-json\/wp\/v2\/comments?post=343"}],"version-history":[{"count":4,"href":"https:\/\/seisoitofish.com\/2025\/wp-json\/wp\/v2\/pages\/343\/revisions"}],"predecessor-version":[{"id":348,"href":"https:\/\/seisoitofish.com\/2025\/wp-json\/wp\/v2\/pages\/343\/revisions\/348"}],"up":[{"embeddable":true,"href":"https:\/\/seisoitofish.com\/2025\/wp-json\/wp\/v2\/pages\/14"}],"wp:attachment":[{"href":"https:\/\/seisoitofish.com\/2025\/wp-json\/wp\/v2\/media?parent=343"}],"curies":[{"name":"wp","href":"https:\/\/api.w.org\/{rel}","templated":true}]}}