{"id":333,"date":"2024-08-28T13:56:05","date_gmt":"2024-08-28T13:56:05","guid":{"rendered":"https:\/\/seisoitofish.com\/2025\/?page_id=333"},"modified":"2024-08-28T13:58:51","modified_gmt":"2024-08-28T13:58:51","slug":"maruca-2","status":"publish","type":"page","link":"https:\/\/seisoitofish.com\/2025\/produtos\/maruca-2\/","title":{"rendered":"Maruca"},"content":{"rendered":"\t\t<div data-elementor-type=\"wp-page\" data-elementor-id=\"333\" class=\"elementor elementor-333\">\n\t\t\t\t<div class=\"elementor-element elementor-element-67137325 e-flex e-con-boxed e-con e-parent\" data-id=\"67137325\" data-element_type=\"container\">\n\t\t\t\t\t<div class=\"e-con-inner\">\n\t\t\t\t<div class=\"elementor-element elementor-element-46b44c8a elementor-widget elementor-widget-mfn_feature_box\" data-id=\"46b44c8a\" data-element_type=\"widget\" data-widget_type=\"mfn_feature_box.default\">\n\t\t\t\t<div class=\"elementor-widget-container\">\n\t\t\t<div class=\"feature_box\"><div class=\"feature_box_wrapper\" ><div class=\"photo_wrapper\"><img fetchpriority=\"high\" decoding=\"async\" class=\"scale-with-grid\" src=\"https:\/\/seisoitofish.com\/2025\/wp-content\/uploads\/2024\/08\/maruca-1.jpg\" alt=\"maruca\" width=\"1500\" height=\"1500\" \/><\/div><div class=\"desc_wrapper\"><div class=\"desc\"><p><strong>Apresenta\u00e7\u00e3o<br \/><\/strong>Inteira, sem cabe\u00e7a, eviscerada<br \/>Em Posta<br \/><br \/><strong>Carater\u00edsticas<\/strong><br \/>Genypterus blacodes\/ Geneypterus capensis<br \/>Arte de pesca e zona de pesca vari\u00e1veis<br \/><br \/><strong>Calibres<\/strong><br \/>Diversos<br \/><br \/><strong>Embalagem<\/strong><br \/>Envolta individualmente: Inteira<br \/>Higienizada: Inteira ou em posta<br \/>Em v\u00e1cuo: Em posta<br \/>Em saco: Inteira ou em posta<br \/>A granel: Inteira ou em posta<\/p><\/div><\/div><\/div><\/div>\n\t\t<\/div>\n\t\t\t\t<\/div>\n\t\t\t\t\t<\/div>\n\t\t\t\t<\/div>\n\t\t\t\t<\/div>\n\t\t","protected":false},"excerpt":{"rendered":"<p>Apresenta\u00e7\u00e3oInteira, sem cabe\u00e7a, evisceradaEm Posta Carater\u00edsticasGenypterus blacodes\/ Geneypterus capensisArte de pesca e zona de pesca vari\u00e1veis CalibresDiversos EmbalagemEnvolta individualmente: InteiraHigienizada: Inteira ou em postaEm v\u00e1cuo: Em<span class=\"excerpt-hellip\"> [\u2026]<\/span><\/p>\n","protected":false},"author":1,"featured_media":0,"parent":14,"menu_order":0,"comment_status":"closed","ping_status":"closed","template":"","meta":{"footnotes":""},"class_list":["post-333","page","type-page","status-publish","hentry"],"_links":{"self":[{"href":"https:\/\/seisoitofish.com\/2025\/wp-json\/wp\/v2\/pages\/333","targetHints":{"allow":["GET"]}}],"collection":[{"href":"https:\/\/seisoitofish.com\/2025\/wp-json\/wp\/v2\/pages"}],"about":[{"href":"https:\/\/seisoitofish.com\/2025\/wp-json\/wp\/v2\/types\/page"}],"author":[{"embeddable":true,"href":"https:\/\/seisoitofish.com\/2025\/wp-json\/wp\/v2\/users\/1"}],"replies":[{"embeddable":true,"href":"https:\/\/seisoitofish.com\/2025\/wp-json\/wp\/v2\/comments?post=333"}],"version-history":[{"count":7,"href":"https:\/\/seisoitofish.com\/2025\/wp-json\/wp\/v2\/pages\/333\/revisions"}],"predecessor-version":[{"id":342,"href":"https:\/\/seisoitofish.com\/2025\/wp-json\/wp\/v2\/pages\/333\/revisions\/342"}],"up":[{"embeddable":true,"href":"https:\/\/seisoitofish.com\/2025\/wp-json\/wp\/v2\/pages\/14"}],"wp:attachment":[{"href":"https:\/\/seisoitofish.com\/2025\/wp-json\/wp\/v2\/media?parent=333"}],"curies":[{"name":"wp","href":"https:\/\/api.w.org\/{rel}","templated":true}]}}