{"id":311,"date":"2024-08-28T13:50:47","date_gmt":"2024-08-28T13:50:47","guid":{"rendered":"https:\/\/seisoitofish.com\/2025\/?page_id=311"},"modified":"2024-08-28T13:52:07","modified_gmt":"2024-08-28T13:52:07","slug":"peixe-vermelho","status":"publish","type":"page","link":"https:\/\/seisoitofish.com\/2025\/produtos\/peixe-vermelho\/","title":{"rendered":"Peixe Vermelho"},"content":{"rendered":"\t\t<div data-elementor-type=\"wp-page\" data-elementor-id=\"311\" class=\"elementor elementor-311\">\n\t\t\t\t<div class=\"elementor-element elementor-element-63521868 e-flex e-con-boxed e-con e-parent\" data-id=\"63521868\" data-element_type=\"container\">\n\t\t\t\t\t<div class=\"e-con-inner\">\n\t\t\t\t<div class=\"elementor-element elementor-element-70055b12 elementor-widget elementor-widget-mfn_feature_box\" data-id=\"70055b12\" data-element_type=\"widget\" data-widget_type=\"mfn_feature_box.default\">\n\t\t\t\t<div class=\"elementor-widget-container\">\n\t\t\t<div class=\"feature_box\"><div class=\"feature_box_wrapper\" ><div class=\"photo_wrapper\"><img fetchpriority=\"high\" decoding=\"async\" class=\"scale-with-grid\" src=\"https:\/\/seisoitofish.com\/2025\/wp-content\/uploads\/2024\/08\/peixe-verm.jpg\" alt=\"peixe verm\" width=\"1500\" height=\"1500\" \/><\/div><div class=\"desc_wrapper\"><div class=\"desc\"><p><strong>Apresenta\u00e7\u00e3o<br \/><\/strong>Inteiro, sem cabe\u00e7a e eviscerado Em Posta<br \/><br \/><strong>Carater\u00edsticas<br \/><\/strong>Sebastes spp (marinus\/mentella)<br \/>Arte de pesca e zona de pesca vari\u00e1veis: Isl\u00e2ndia\/Canada\/Noruega<br \/><br \/><strong>Calibres<\/strong><br \/>Diversos<br \/><br \/><strong>Embalagem<\/strong><br \/>Higienizado: Inteiro<br \/>Em saco: Inteiro ou em posta<br \/>A granel: Inteiro ou em posta<\/p><\/div><\/div><\/div><\/div>\n\t\t<\/div>\n\t\t\t\t<\/div>\n\t\t\t\t\t<\/div>\n\t\t\t\t<\/div>\n\t\t\t\t<\/div>\n\t\t","protected":false},"excerpt":{"rendered":"<p>Apresenta\u00e7\u00e3oInteiro, sem cabe\u00e7a e eviscerado Em Posta Carater\u00edsticasSebastes spp (marinus\/mentella)Arte de pesca e zona de pesca vari\u00e1veis: Isl\u00e2ndia\/Canada\/Noruega CalibresDiversos EmbalagemHigienizado: InteiroEm saco: Inteiro ou em postaA<span class=\"excerpt-hellip\"> [\u2026]<\/span><\/p>\n","protected":false},"author":1,"featured_media":0,"parent":14,"menu_order":0,"comment_status":"closed","ping_status":"closed","template":"","meta":{"footnotes":""},"class_list":["post-311","page","type-page","status-publish","hentry"],"_links":{"self":[{"href":"https:\/\/seisoitofish.com\/2025\/wp-json\/wp\/v2\/pages\/311","targetHints":{"allow":["GET"]}}],"collection":[{"href":"https:\/\/seisoitofish.com\/2025\/wp-json\/wp\/v2\/pages"}],"about":[{"href":"https:\/\/seisoitofish.com\/2025\/wp-json\/wp\/v2\/types\/page"}],"author":[{"embeddable":true,"href":"https:\/\/seisoitofish.com\/2025\/wp-json\/wp\/v2\/users\/1"}],"replies":[{"embeddable":true,"href":"https:\/\/seisoitofish.com\/2025\/wp-json\/wp\/v2\/comments?post=311"}],"version-history":[{"count":4,"href":"https:\/\/seisoitofish.com\/2025\/wp-json\/wp\/v2\/pages\/311\/revisions"}],"predecessor-version":[{"id":316,"href":"https:\/\/seisoitofish.com\/2025\/wp-json\/wp\/v2\/pages\/311\/revisions\/316"}],"up":[{"embeddable":true,"href":"https:\/\/seisoitofish.com\/2025\/wp-json\/wp\/v2\/pages\/14"}],"wp:attachment":[{"href":"https:\/\/seisoitofish.com\/2025\/wp-json\/wp\/v2\/media?parent=311"}],"curies":[{"name":"wp","href":"https:\/\/api.w.org\/{rel}","templated":true}]}}