{"id":305,"date":"2024-08-28T13:48:40","date_gmt":"2024-08-28T13:48:40","guid":{"rendered":"https:\/\/seisoitofish.com\/2025\/?page_id=305"},"modified":"2024-08-28T13:52:20","modified_gmt":"2024-08-28T13:52:20","slug":"solha-3","status":"publish","type":"page","link":"https:\/\/seisoitofish.com\/2025\/produtos\/solha-3\/","title":{"rendered":"Solha"},"content":{"rendered":"\t\t<div data-elementor-type=\"wp-page\" data-elementor-id=\"305\" class=\"elementor elementor-305\">\n\t\t\t\t<div class=\"elementor-element elementor-element-317c1235 e-flex e-con-boxed e-con e-parent\" data-id=\"317c1235\" data-element_type=\"container\">\n\t\t\t\t\t<div class=\"e-con-inner\">\n\t\t\t\t<div class=\"elementor-element elementor-element-15a39b38 elementor-widget elementor-widget-mfn_feature_box\" data-id=\"15a39b38\" data-element_type=\"widget\" data-widget_type=\"mfn_feature_box.default\">\n\t\t\t\t<div class=\"elementor-widget-container\">\n\t\t\t<div class=\"feature_box\"><div class=\"feature_box_wrapper\" ><div class=\"photo_wrapper\"><img fetchpriority=\"high\" decoding=\"async\" class=\"scale-with-grid\" src=\"https:\/\/seisoitofish.com\/2025\/wp-content\/uploads\/2024\/08\/solha-1.jpg\" alt=\"solha\" width=\"1500\" height=\"1500\" \/><\/div><div class=\"desc_wrapper\"><div class=\"desc\"><p><strong>Apresenta\u00e7\u00e3o<br \/><\/strong>Inteira, sem cabe\u00e7a e eviscerada<br \/>Em Posta<br \/><br \/><strong>Carater\u00edsticas<\/strong><br \/>Limanda ferrug\u00ednea<br \/>Hippoglossoides platessoides<br \/>Pleuronectes platessa<br \/>Arte de pesca e zona de pesca vari\u00e1veis<br \/><br \/><strong>Calibres<\/strong><br \/>Diversos<br \/><br \/><strong>Embalagem<\/strong><br \/>Higienizada: Inteira<br \/>Em saco: Inteira ou em posta<br \/>A granel: Inteira ou em posta<\/p><\/div><\/div><\/div><\/div>\n\t\t<\/div>\n\t\t\t\t<\/div>\n\t\t\t\t\t<\/div>\n\t\t\t\t<\/div>\n\t\t\t\t<\/div>\n\t\t","protected":false},"excerpt":{"rendered":"<p>Apresenta\u00e7\u00e3oInteira, sem cabe\u00e7a e evisceradaEm Posta Carater\u00edsticasLimanda ferrug\u00edneaHippoglossoides platessoidesPleuronectes platessaArte de pesca e zona de pesca vari\u00e1veis CalibresDiversos EmbalagemHigienizada: InteiraEm saco: Inteira ou em postaA granel:<span class=\"excerpt-hellip\"> [\u2026]<\/span><\/p>\n","protected":false},"author":1,"featured_media":0,"parent":14,"menu_order":0,"comment_status":"closed","ping_status":"closed","template":"","meta":{"footnotes":""},"class_list":["post-305","page","type-page","status-publish","hentry"],"_links":{"self":[{"href":"https:\/\/seisoitofish.com\/2025\/wp-json\/wp\/v2\/pages\/305","targetHints":{"allow":["GET"]}}],"collection":[{"href":"https:\/\/seisoitofish.com\/2025\/wp-json\/wp\/v2\/pages"}],"about":[{"href":"https:\/\/seisoitofish.com\/2025\/wp-json\/wp\/v2\/types\/page"}],"author":[{"embeddable":true,"href":"https:\/\/seisoitofish.com\/2025\/wp-json\/wp\/v2\/users\/1"}],"replies":[{"embeddable":true,"href":"https:\/\/seisoitofish.com\/2025\/wp-json\/wp\/v2\/comments?post=305"}],"version-history":[{"count":7,"href":"https:\/\/seisoitofish.com\/2025\/wp-json\/wp\/v2\/pages\/305\/revisions"}],"predecessor-version":[{"id":319,"href":"https:\/\/seisoitofish.com\/2025\/wp-json\/wp\/v2\/pages\/305\/revisions\/319"}],"up":[{"embeddable":true,"href":"https:\/\/seisoitofish.com\/2025\/wp-json\/wp\/v2\/pages\/14"}],"wp:attachment":[{"href":"https:\/\/seisoitofish.com\/2025\/wp-json\/wp\/v2\/media?parent=305"}],"curies":[{"name":"wp","href":"https:\/\/api.w.org\/{rel}","templated":true}]}}