{"id":173,"date":"2024-08-27T14:50:35","date_gmt":"2024-08-27T14:50:35","guid":{"rendered":"https:\/\/seisoitofish.com\/2025\/?page_id=173"},"modified":"2024-08-27T14:53:41","modified_gmt":"2024-08-27T14:53:41","slug":"cookies","status":"publish","type":"page","link":"https:\/\/seisoitofish.com\/2025\/cookies\/","title":{"rendered":"Cookies"},"content":{"rendered":"\t\t<div data-elementor-type=\"wp-page\" data-elementor-id=\"173\" class=\"elementor elementor-173\">\n\t\t\t\t<div class=\"elementor-element elementor-element-a8d2988 e-flex e-con-boxed e-con e-parent\" data-id=\"a8d2988\" data-element_type=\"container\">\n\t\t\t\t\t<div class=\"e-con-inner\">\n\t\t\t\t<div class=\"elementor-element elementor-element-23d0072 elementor-widget elementor-widget-text-editor\" data-id=\"23d0072\" data-element_type=\"widget\" data-widget_type=\"text-editor.default\">\n\t\t\t\t<div class=\"elementor-widget-container\">\n\t\t\t<style>\/*! elementor - v3.23.0 - 05-08-2024 *\/\n.elementor-widget-text-editor.elementor-drop-cap-view-stacked .elementor-drop-cap{background-color:#69727d;color:#fff}.elementor-widget-text-editor.elementor-drop-cap-view-framed .elementor-drop-cap{color:#69727d;border:3px solid;background-color:transparent}.elementor-widget-text-editor:not(.elementor-drop-cap-view-default) .elementor-drop-cap{margin-top:8px}.elementor-widget-text-editor:not(.elementor-drop-cap-view-default) .elementor-drop-cap-letter{width:1em;height:1em}.elementor-widget-text-editor .elementor-drop-cap{float:left;text-align:center;line-height:1;font-size:50px}.elementor-widget-text-editor .elementor-drop-cap-letter{display:inline-block}<\/style>\t\t\t\t<p><strong>Pol\u00edtica de Cookies<\/strong><\/p><p><strong>O que s\u00e3o Cookies?<\/strong><\/p><p>Os cookies s\u00e3o pequenos ficheiros de texto enviados para o seu computador ou dispositivo m\u00f3vel quando visita websites. Os cookies ajudam os websites a armazenar e recuperar informa\u00e7\u00e3o sobre os seus h\u00e1bitos de navega\u00e7\u00e3o por forma a personalizar a navega\u00e7\u00e3o de acordo com as suas prefer\u00eancias.<\/p><p><strong>Que tipos de cookies utiliza www.seisoitofish.pt?<\/strong><br \/><br \/>\u2022 Cookies de sess\u00e3o: s\u00e3o cookies tempor\u00e1rias que permanecem em arquivo de cookies do navegador at\u00e9 que este abandone a p\u00e1gina web, pelo que n\u00e3o fica qualquer registo no disco r\u00edgido do usu\u00e1rio. A Informa\u00e7\u00e3o recolhida por estes cookies servem para analizar padr\u00f5es de tr\u00e1fego do site. Em \u00faltima an\u00e1lise, isso permite-nos melhorar o conte\u00fado e melhorar a usabilidade do site.<\/p><p>\u2022 Cookies de an\u00e1lise: S\u00e3o aqueles que bem tratados por n\u00f3s ou por terceiros, nos permitem quantificar o n\u00famero de usu\u00e1rios e realizar a medi\u00e7\u00e3o e an\u00e1lise estat\u00edstica de como os usu\u00e1rios usam o servi\u00e7o oferecido. Examinamos a sua navega\u00e7\u00e3o no nosso site, com o objectivo de melhorar o fornecimento de produtos ou servi\u00e7os que lhe disponibilizamos.<\/p><p>\u2022 Cookies publicit\u00e1rias: S\u00e3o aqueles que bem tratadas por n\u00f3s ou por terceiros, nos permitem gerir de uma forma mais eficaz a oferta de espa\u00e7os publicit\u00e1rios que existem no site, podendo analizar os seus h\u00e1bitos de navega\u00e7\u00e3o e mostrar-lhe publicidade relacionada com o seu perfil de navage\u00e7\u00e3o.<br \/><br \/><strong>Quais s\u00e3o os cookies que utilizamos no nosso site?<\/strong><br \/><br \/><strong>Cookies pr\u00f3prias<\/strong><br \/><br \/>sr_selected_store : Utilizada para a Reserva em loja para manter a loja selecionada pelo usu\u00e1rio<br \/>e524cfbb4aad511d59e5e179d95c521b (32 characters hash) : Cookie de sess\u00e3o<br \/>CART : Associa\u00e7\u00e3o com o carrinho de compras<br \/>CATEGORY_INFO : Armazena a informa\u00e7\u00e3o de categoria para mostrar as p\u00e1ginas de forma mais r\u00e1pida<br \/>COMPARE : Produtos para compara\u00e7\u00e3o<br \/>Currency : Moeda utilizada<br \/>CUSTOMER : Vers\u00e3o encriptada do ID de cliente na loja<br \/>CUSTOMER_AUTH : Indica se est\u00e1 atualmente logado no site<br \/>CUSTOMER_INFO : Vers\u00e3o encriptada do grupo de cliente ao qual pertence<br \/>CUSTOMER_SEGMENT_IDS : Armazena o ID de segmento de cliente<br \/>EXTERNAL_NO_CACHE : Indica se a cache est\u00e1 habilitada ou n\u00e3o<br \/>FRONTEND : ID de sess\u00e3o no servidor<br \/>GUEST-VIEW : Permite ao usu\u00e1rio n\u00e3o registado editar os seus pedidos<br \/>LAST_CATEGORY : Ultima categoria visualizada<br \/>LAST_PRODUCT : Ultimo produto visualizado<br \/>NEWMESSAGE : Indica se uma nova mensagem foi recebida<br \/>NO_CACHE : Indica se est\u00e1 autorizado a utilizar cache<br \/>PERSISTENT_SHOPPING_CART : Link de informa\u00e7\u00e3o sobre o carrinho de compras e hist\u00f3rico de pedidos<br \/>POLL : ID de qualquer retorno de pesquisa<br \/>POLLN : Informa\u00e7\u00e3o sobre pesquisas<br \/>RECENTLYCOMPARED : Produtos comparados<br \/>STF : Informa\u00e7\u00e3o sobre produtos enviados por correio electr\u00f3nico a amigos<br \/>STORE : Loja ou idioma selecionado<br \/>USER_ALLOWED_SAVE_COOKIE : Indica se o usu\u00e1rio autoriza o uso de cookies<br \/>VIEWED_PRODUCT_IDS : Produtos recentemente visualizados<br \/>WHISLIST : Lista encriptada de produtos adicionados \u00e0 Wish List<br \/>WHISLIS T_CNT : N\u00famero de produtos da Wish List<br \/>LTU : Identifica o utilizador depois de estar logado<\/p><p><strong>Cookies de terceiros<\/strong><br \/><br \/>_utma : Utilizada para distinguir usu\u00e1rios e sess\u00f5es<br \/>_utmb y _utmc : Utilizadas para determinar novas visitas, sess\u00f5es<br \/>_utmz : Armazena a fonte de tr\u00e1fego para explicar como o usu\u00e1rio chega ao site<br \/>APISID, SID y HSID : Utilizam-se para identificar usu\u00e1rios e prevenir usos fraudulentos de dados de usu\u00e1rios e proteger dados de usu\u00e1rios de terceiros<br \/>NID : Utilizada para personalizar publicidade em redes de Publisher<br \/>PREF : Permite ao site recordar prefer\u00eancias de navega\u00e7\u00e3o, idioma, regi\u00e3o<br \/>V1ST<br \/>Anal\u00edticas web e v\u00eddeos<br \/>Determina que servidor mostra a informa\u00e7\u00e3o ao usu\u00e1rio<br \/>Segue as sess\u00f5es ativas<br \/>Determina se as cookies est\u00e3o ativas<br \/>Mede o tempo de resposta dos usu\u00e1rios<br \/>Identifica quantas vezes nos visitou um usu\u00e1rio, que produtos comprou e a que pre\u00e7o<br \/>mbox : Cookie de rendimento<br \/>IS_RETURNING : Permite saber se \u00e9 a primeira visita ao site ou n\u00e3o.<br \/><br \/><strong>O que implica n\u00e3o autorizar o uso de cookies?<\/strong><br \/><br \/>Se preferir n\u00e3o permitir cookies tem a possibilidade de desativar os cookies no navegador de internet (browser) que utiliza, mas dever\u00e1 ter em conta que poder\u00e1 impedir que algumas p\u00e1ginas Web sejam apresentadas corretamente.<br \/><br \/><strong>Como configurar o meu navegador?<\/strong><br \/><br \/><strong>Google Chrome<\/strong><br \/><br \/>Clique no \u00edcone do menu do Google Chrome .<br \/>Selecione Configura\u00e7\u00f5es.<br \/>Na parte inferior da p\u00e1gina, clique em Mostrar configura\u00e7\u00f5es avan\u00e7adas.<br \/>Na se\u00e7\u00e3o \u201cPrivacidade\u201d, clique em Configura\u00e7\u00f5es de conte\u00fado.<br \/>Ativar ou desativar cookies:<br \/>Para ativar os cookies, selecione Permitir a configura\u00e7\u00e3o de dados locais (recomendado).<br \/>Para desativar os cookies, selecione Bloquear as configura\u00e7\u00f5es de quaisquer dados por sites.<br \/><br \/><strong>Internet Explorer<\/strong><br \/><br \/>Abrir o Internet Explorer clicando no bot\u00e3o Iniciar e, em seguida, clicando em Internet Explorer.<br \/>Clique no bot\u00e3o Ferramentas e, em seguida, clique em Op\u00e7\u00f5es da Internet.<br \/>Clique no separador Privacidade e, em Defini\u00e7\u00f5es, mova o controlo de deslize para o topo para bloquear todos os cookies ou para o fundo para permitir todos os cookies e, em seguida, clique em OK.<br \/><br \/><strong>Firefox<\/strong><br \/><br \/>Seleccione Ferramentas &gt; Op\u00e7\u00f5es e aceda ao painel Privacidade.<br \/>No menu Guardar at\u00e9, seleccione a op\u00e7\u00e3o fechar o Firefox.<\/p><p>Se deseja permitir aos sites em que confia a possibilidade de armazenar cookies permanentemente (por exemplo, para permitir a autentica\u00e7\u00e3o autom\u00e1tica num determinado site), pressione Excep\u00e7\u00f5es\u2026, introduza o endere\u00e7o do site e pressione Permitir.<br \/><br \/><strong>Safari<\/strong><br \/><br \/>Clique em \u201cEdit\u201d (Editar);<br \/>Selecione \u201cPreferences\u201d (Prefer\u00eancias);<br \/>No painel superior, selecione o \u00edcone \u201cSecurity\u201d (Seguran\u00e7a)<br \/>Na sec\u00e7\u00e3o \u201cAccept Cookies\u201d (Aceitar cookies), selecione \u201cNever\u201d(Nunca).<br \/><br \/><strong>Opera<\/strong><br \/><br \/>Clique em Settings<br \/>Selecione Preferences &gt; Advanced &gt; Cookies &gt; Enable or disable cookies<\/p>\t\t\t\t\t\t<\/div>\n\t\t\t\t<\/div>\n\t\t\t\t\t<\/div>\n\t\t\t\t<\/div>\n\t\t\t\t<\/div>\n\t\t","protected":false},"excerpt":{"rendered":"<p>Pol\u00edtica de Cookies O que s\u00e3o Cookies? Os cookies s\u00e3o pequenos ficheiros de texto enviados para o seu computador ou dispositivo m\u00f3vel quando visita websites. Os<span class=\"excerpt-hellip\"> [\u2026]<\/span><\/p>\n","protected":false},"author":1,"featured_media":0,"parent":0,"menu_order":0,"comment_status":"closed","ping_status":"closed","template":"","meta":{"footnotes":""},"class_list":["post-173","page","type-page","status-publish","hentry"],"_links":{"self":[{"href":"https:\/\/seisoitofish.com\/2025\/wp-json\/wp\/v2\/pages\/173","targetHints":{"allow":["GET"]}}],"collection":[{"href":"https:\/\/seisoitofish.com\/2025\/wp-json\/wp\/v2\/pages"}],"about":[{"href":"https:\/\/seisoitofish.com\/2025\/wp-json\/wp\/v2\/types\/page"}],"author":[{"embeddable":true,"href":"https:\/\/seisoitofish.com\/2025\/wp-json\/wp\/v2\/users\/1"}],"replies":[{"embeddable":true,"href":"https:\/\/seisoitofish.com\/2025\/wp-json\/wp\/v2\/comments?post=173"}],"version-history":[{"count":5,"href":"https:\/\/seisoitofish.com\/2025\/wp-json\/wp\/v2\/pages\/173\/revisions"}],"predecessor-version":[{"id":178,"href":"https:\/\/seisoitofish.com\/2025\/wp-json\/wp\/v2\/pages\/173\/revisions\/178"}],"wp:attachment":[{"href":"https:\/\/seisoitofish.com\/2025\/wp-json\/wp\/v2\/media?parent=173"}],"curies":[{"name":"wp","href":"https:\/\/api.w.org\/{rel}","templated":true}]}}