{"id":162,"date":"2024-08-27T14:45:09","date_gmt":"2024-08-27T14:45:09","guid":{"rendered":"https:\/\/seisoitofish.com\/2025\/?page_id=162"},"modified":"2024-08-27T14:48:10","modified_gmt":"2024-08-27T14:48:10","slug":"politica-de-privacidade","status":"publish","type":"page","link":"https:\/\/seisoitofish.com\/2025\/politica-de-privacidade\/","title":{"rendered":"Pol\u00edtica de Privacidade"},"content":{"rendered":"\t\t<div data-elementor-type=\"wp-page\" data-elementor-id=\"162\" class=\"elementor elementor-162\">\n\t\t\t\t<div class=\"elementor-element elementor-element-7ee4cf2 e-flex e-con-boxed e-con e-parent\" data-id=\"7ee4cf2\" data-element_type=\"container\">\n\t\t\t\t\t<div class=\"e-con-inner\">\n\t\t\t\t<div class=\"elementor-element elementor-element-7f5297f elementor-widget elementor-widget-text-editor\" data-id=\"7f5297f\" data-element_type=\"widget\" data-widget_type=\"text-editor.default\">\n\t\t\t\t<div class=\"elementor-widget-container\">\n\t\t\t<style>\/*! elementor - v3.23.0 - 05-08-2024 *\/\n.elementor-widget-text-editor.elementor-drop-cap-view-stacked .elementor-drop-cap{background-color:#69727d;color:#fff}.elementor-widget-text-editor.elementor-drop-cap-view-framed .elementor-drop-cap{color:#69727d;border:3px solid;background-color:transparent}.elementor-widget-text-editor:not(.elementor-drop-cap-view-default) .elementor-drop-cap{margin-top:8px}.elementor-widget-text-editor:not(.elementor-drop-cap-view-default) .elementor-drop-cap-letter{width:1em;height:1em}.elementor-widget-text-editor .elementor-drop-cap{float:left;text-align:center;line-height:1;font-size:50px}.elementor-widget-text-editor .elementor-drop-cap-letter{display:inline-block}<\/style>\t\t\t\t<p>A SeisOitoFish reconhece a import\u00e2ncia de proteger os dados pessoais. Valorizamos a honestidade e a transpar\u00eancia, de forma a construir uma rela\u00e7\u00e3o duradoura com os nossos utilizadores, baseada na confian\u00e7a e no benef\u00edcio m\u00fatuo.<br \/><br \/>A presente pol\u00edtica de privacidade tem o objetivo de explicar o nosso processo de tratamento de dados pessoais. Se tiver alguma d\u00favida relativamente \u00e0 nossa pol\u00edtica de privacidade ou termos e condi\u00e7\u00f5es, pode contactar-nos atrav\u00e9s dos meios referidos em 1.1.<br \/><br \/>Ao utilizar o nosso website, estar\u00e1 a consentir com os termos descritos nesta pol\u00edtica de privacidade.<br \/><br \/><strong>1. Identifica\u00e7\u00e3o da empresa<\/strong><br \/><br \/>1.1. Este website e pol\u00edtica de privacidade correspondente s\u00e3o geridos por<br \/><br \/>Empresa: Cominfish \u2013 Ind\u00fastria e Com\u00e9rcio de Produtos Alimentares, S.A<br \/>Sede: Travessa da Friminho, Lote 8, Gondar 4835-608 Guimar\u00e3es<br \/>NIPC: 504309145<br \/>Contacto do encarregado de prote\u00e7\u00e3o de dados: geral@seisoitofish.pt<br \/><br \/><strong>2. Princ\u00edpios<\/strong><br \/><br \/>2.1. Respeito pela vontade do utilizador<br \/><br \/>Respeitamos a privacidade e seguran\u00e7a dos dados pessoais, zelando pelas prefer\u00eancias do utilizador, assim como a gest\u00e3o aut\u00f3noma, livre e simples das mesmas. Se o utilizador discordar de algum ponto referido nesta pol\u00edtica, pode, a qualquer momento opor-se, entrando em contacto connosco atrav\u00e9s dos meios referidos em 1.1.<br \/><br \/>2.2. Boas pr\u00e1ticas<br \/><br \/>Como o controlador de dados pessoais, a SeisOitoFish determina as finalidades e os meios pelos quais os dados pessoais s\u00e3o processados, incluindo as medidas de seguran\u00e7a aplic\u00e1veis. Garantimos que os dados pessoais s\u00e3o tratados em Portugal, de uma forma correta, l\u00edcita e em conformidade com as boas pr\u00e1ticas.<br \/><br \/>2.4. Estrita necessidade<br \/><br \/>No tratamento de dados que podem identificar o utilizador pessoalmente, direta ou indiretamente, aplicamos o princ\u00edpio da estrita necessidade. Por esta raz\u00e3o, a utiliza\u00e7\u00e3o de dados pessoais ser\u00e1 m\u00ednima, de forma a n\u00e3o exceder a finalidade original para a qual foram recolhidos e\/ou processados.<br \/><br \/><strong>3. Recolha e tratamento de dados pessoais<\/strong><br \/><br \/>3.1. Os dados pessoais recolhidos e tratados pela SeisOitoFish s\u00e3o apenas os que volunt\u00e1ria, expressa e inequivocamente, o utilizador colocar nos formul\u00e1rios deste website.<br \/><br \/><strong>4. Finalidade do tratamento de dados pessoais<\/strong><br \/><br \/>4.1. Os dados pessoais s\u00e3o recolhidos e processados pela SeisOitoFishapenas para fins estritamente ligados ao uso deste site, aos servi\u00e7os a este associados, suporte e apoio ao cliente.<br \/><br \/>4.2. A SeisOitoFish procura manter a rela\u00e7\u00e3o com o utilizador e proporcionar-lhe os devidos benef\u00edcios, informa\u00e7\u00e3o e conte\u00fado relevantes relacionados com a nossa marca. Os dados ser\u00e3o apenas tratados para estas finalidades determinadas, expl\u00edcitas e leg\u00edtimas, n\u00e3o sendo posteriormente tratados de forma incompat\u00edvel com estas. Os dados recolhidos e tratados s\u00e3o os adequados, pertinentes e n\u00e3o excessivos em rela\u00e7\u00e3o a estas finalidades.<br \/><br \/>4.3. No entanto, os dados pessoais podem tamb\u00e9m ser utilizados para outras opera\u00e7\u00f5es de processamento dentro dos limites de tais aplica\u00e7\u00f5es. Em particular, os dados pessoais podem ser tratados para os seguintes fins:<br \/><br \/>a) quando solicita a assist\u00eancia do apoio ao cliente recolhemos dados pessoais (por exemplo, primeiro e \u00faltimo nome, endere\u00e7o de e-mail) apenas com o objetivo de lhe fornecer os servi\u00e7os de apoio ao cliente Com que sejam relevantes para este site e para lhe oferecer a assist\u00eancia que nos pediu;<br \/><br \/>b) quando navega no nosso site, recolhemos cookies. Dependendo da gest\u00e3o que fez das cookies no nosso site e da sua intera\u00e7\u00e3o connosco, usamos alguma informa\u00e7\u00e3o recolhida por cookies de forma a garantir o funcionamento adequado no site, destacando a visualiza\u00e7\u00e3o adequada de conte\u00fado, relembrar o carrinho, relembrar o registo, adequar a resolu\u00e7\u00e3o do ecr\u00e3, para melhorar as nossas ofertas, entre outros. Esta informa\u00e7\u00e3o inclui dados de registo, localiza\u00e7\u00e3o, dura\u00e7\u00e3o da sess\u00e3o, produtos que selecionou, equipamento, browser e endere\u00e7o de IP.<br \/><br \/><strong>5. Consentimento<\/strong><br \/><br \/>O respeito pela vontade do utilizador \u00e9 das principais preocupa\u00e7\u00f5es do SeisOitoFish no que respeita ao tratamento de dados pessoais.<br \/><br \/><strong>6. Direitos do utilizador<\/strong><br \/><br \/>6.1. Para exercer o direito de acesso, retifica\u00e7\u00e3o, apagamento, esquecimento ou bloqueio dos dados pessoais, o utilizador pode enviar uma comunica\u00e7\u00e3o escrita para o seguinte endere\u00e7o de correio eletr\u00f3nico: geral@seisoitofish.pt<br \/><br \/><strong>7. Seguran\u00e7a<\/strong><br \/><br \/>7.1 A SeisOitoFish utiliza as medidas de seguran\u00e7a adequadas \u00e0 prote\u00e7\u00e3o de dados pessoais contra a destrui\u00e7\u00e3o, acidental ou il\u00edcita, a perda acidental, a altera\u00e7\u00e3o, a difus\u00e3o ou o acesso n\u00e3o autorizado, e contra qualquer outra forma de tratamento il\u00edcito. Adicionalmente, exigimos contratualmente que as entidades externas de confian\u00e7a que tratam dados pessoais por n\u00f3s fa\u00e7am o mesmo.<br \/><br \/>7.2. No entanto, o SeisOitoFish n\u00e3o pode garantir que as medidas de seguran\u00e7a adotadas para a prote\u00e7\u00e3o deste site e para a transmiss\u00e3o de dados e informa\u00e7\u00e3o atrav\u00e9s deste site ir\u00e1 impedir ou excluir qualquer risco de acesso n\u00e3o autorizado ou perda de dados. Assim, aconselhamos que o computador esteja equipado com dispositivos de software que o protejam na transmiss\u00e3o e rece\u00e7\u00e3o de dados (tais como sistemas antiv\u00edrus atualizados), e que o browser tome as medidas adequadas para garantir a seguran\u00e7a na transmiss\u00e3o de dados (tais como firewall e filtros anti-spam).<br \/><br \/><strong>8. Prazo de reten\u00e7\u00e3o e processamento<\/strong><br \/><br \/>8.1. Os dados s\u00e3o conservados pela SeisOitoFish para as finalidades aqui descritas durante o tempo necess\u00e1rio para os fins citados, exceto se os dados pessoais em causa sejam necess\u00e1rios para comprovar o cumprimento de obriga\u00e7\u00f5es, enquanto n\u00e3o decorrer o prazo de prescri\u00e7\u00e3o dos direitos correspetivos, ou caso exista um prazo superior de conserva\u00e7\u00e3o de dados imposto por lei.<br \/><br \/>8.2. Quando os dados pessoais j\u00e1 n\u00e3o forem necess\u00e1rios, ser\u00e3o removidos dos nossos sistemas e registos ou mantido de forma an\u00f3nima para que n\u00e3o possa ser identificado a partir dos mesmos.<\/p>\t\t\t\t\t\t<\/div>\n\t\t\t\t<\/div>\n\t\t\t\t\t<\/div>\n\t\t\t\t<\/div>\n\t\t\t\t<\/div>\n\t\t","protected":false},"excerpt":{"rendered":"<p>A SeisOitoFish reconhece a import\u00e2ncia de proteger os dados pessoais. Valorizamos a honestidade e a transpar\u00eancia, de forma a construir uma rela\u00e7\u00e3o duradoura com os nossos<span class=\"excerpt-hellip\"> [\u2026]<\/span><\/p>\n","protected":false},"author":1,"featured_media":0,"parent":0,"menu_order":0,"comment_status":"closed","ping_status":"closed","template":"","meta":{"footnotes":""},"class_list":["post-162","page","type-page","status-publish","hentry"],"_links":{"self":[{"href":"https:\/\/seisoitofish.com\/2025\/wp-json\/wp\/v2\/pages\/162","targetHints":{"allow":["GET"]}}],"collection":[{"href":"https:\/\/seisoitofish.com\/2025\/wp-json\/wp\/v2\/pages"}],"about":[{"href":"https:\/\/seisoitofish.com\/2025\/wp-json\/wp\/v2\/types\/page"}],"author":[{"embeddable":true,"href":"https:\/\/seisoitofish.com\/2025\/wp-json\/wp\/v2\/users\/1"}],"replies":[{"embeddable":true,"href":"https:\/\/seisoitofish.com\/2025\/wp-json\/wp\/v2\/comments?post=162"}],"version-history":[{"count":4,"href":"https:\/\/seisoitofish.com\/2025\/wp-json\/wp\/v2\/pages\/162\/revisions"}],"predecessor-version":[{"id":166,"href":"https:\/\/seisoitofish.com\/2025\/wp-json\/wp\/v2\/pages\/162\/revisions\/166"}],"wp:attachment":[{"href":"https:\/\/seisoitofish.com\/2025\/wp-json\/wp\/v2\/media?parent=162"}],"curies":[{"name":"wp","href":"https:\/\/api.w.org\/{rel}","templated":true}]}}