{"id":14,"date":"2020-10-19T12:52:33","date_gmt":"2020-10-19T12:52:33","guid":{"rendered":"https:\/\/themes.muffingroup.com\/be\/corporation3\/?page_id=14"},"modified":"2024-08-28T14:11:59","modified_gmt":"2024-08-28T14:11:59","slug":"produtos","status":"publish","type":"page","link":"https:\/\/seisoitofish.com\/2025\/produtos\/","title":{"rendered":"Produtos"},"content":{"rendered":"\t\t<div data-elementor-type=\"wp-page\" data-elementor-id=\"14\" class=\"elementor elementor-14\">\n\t\t\t\t\t\t<section class=\"elementor-section elementor-top-section elementor-element elementor-element-e7521f2 elementor-section-full_width elementor-section-stretched elementor-section-height-default elementor-section-height-default\" data-id=\"e7521f2\" data-element_type=\"section\" data-settings=\"{&quot;stretch_section&quot;:&quot;section-stretched&quot;,&quot;background_background&quot;:&quot;classic&quot;}\">\n\t\t\t\t\t\t<div class=\"elementor-container elementor-column-gap-no\">\n\t\t\t\t\t<div class=\"elementor-column elementor-col-50 elementor-top-column elementor-element elementor-element-83f4b13\" data-id=\"83f4b13\" data-element_type=\"column\">\n\t\t\t<div class=\"elementor-widget-wrap elementor-element-populated\">\n\t\t\t\t\t\t<div class=\"elementor-element elementor-element-0e889ad elementor-widget elementor-widget-text-editor\" data-id=\"0e889ad\" data-element_type=\"widget\" data-widget_type=\"text-editor.default\">\n\t\t\t\t<div class=\"elementor-widget-container\">\n\t\t\t<style>\/*! elementor - v3.23.0 - 05-08-2024 *\/\n.elementor-widget-text-editor.elementor-drop-cap-view-stacked .elementor-drop-cap{background-color:#69727d;color:#fff}.elementor-widget-text-editor.elementor-drop-cap-view-framed .elementor-drop-cap{color:#69727d;border:3px solid;background-color:transparent}.elementor-widget-text-editor:not(.elementor-drop-cap-view-default) .elementor-drop-cap{margin-top:8px}.elementor-widget-text-editor:not(.elementor-drop-cap-view-default) .elementor-drop-cap-letter{width:1em;height:1em}.elementor-widget-text-editor .elementor-drop-cap{float:left;text-align:center;line-height:1;font-size:50px}.elementor-widget-text-editor .elementor-drop-cap-letter{display:inline-block}<\/style>\t\t\t\t<h1><span style=\"color: #ffffff;\">Produtos<\/span><\/h1><h5><span style=\"color: #ffffff;\">Embalamos produtos de alta qualidade com procedimentos <br \/>certificados e de alt\u00edssima qualidade<br \/><\/span><\/h5>\t\t\t\t\t\t<\/div>\n\t\t\t\t<\/div>\n\t\t\t\t<div class=\"elementor-element elementor-element-47811d9 elementor-widget elementor-widget-spacer\" data-id=\"47811d9\" data-element_type=\"widget\" data-widget_type=\"spacer.default\">\n\t\t\t\t<div class=\"elementor-widget-container\">\n\t\t\t<style>\/*! elementor - v3.23.0 - 05-08-2024 *\/\n.elementor-column .elementor-spacer-inner{height:var(--spacer-size)}.e-con{--container-widget-width:100%}.e-con-inner>.elementor-widget-spacer,.e-con>.elementor-widget-spacer{width:var(--container-widget-width,var(--spacer-size));--align-self:var(--container-widget-align-self,initial);--flex-shrink:0}.e-con-inner>.elementor-widget-spacer>.elementor-widget-container,.e-con>.elementor-widget-spacer>.elementor-widget-container{height:100%;width:100%}.e-con-inner>.elementor-widget-spacer>.elementor-widget-container>.elementor-spacer,.e-con>.elementor-widget-spacer>.elementor-widget-container>.elementor-spacer{height:100%}.e-con-inner>.elementor-widget-spacer>.elementor-widget-container>.elementor-spacer>.elementor-spacer-inner,.e-con>.elementor-widget-spacer>.elementor-widget-container>.elementor-spacer>.elementor-spacer-inner{height:var(--container-widget-height,var(--spacer-size))}.e-con-inner>.elementor-widget-spacer.elementor-widget-empty,.e-con>.elementor-widget-spacer.elementor-widget-empty{position:relative;min-height:22px;min-width:22px}.e-con-inner>.elementor-widget-spacer.elementor-widget-empty .elementor-widget-empty-icon,.e-con>.elementor-widget-spacer.elementor-widget-empty .elementor-widget-empty-icon{position:absolute;top:0;bottom:0;left:0;right:0;margin:auto;padding:0;width:22px;height:22px}<\/style>\t\t<div class=\"elementor-spacer\">\n\t\t\t<div class=\"elementor-spacer-inner\"><\/div>\n\t\t<\/div>\n\t\t\t\t<\/div>\n\t\t\t\t<\/div>\n\t\t\t\t\t<\/div>\n\t\t<\/div>\n\t\t\t\t<div class=\"elementor-column elementor-col-50 elementor-top-column elementor-element elementor-element-d02b833\" data-id=\"d02b833\" data-element_type=\"column\">\n\t\t\t<div class=\"elementor-widget-wrap elementor-element-populated\">\n\t\t\t\t\t\t<div class=\"elementor-element elementor-element-ccf9a4b elementor-widget elementor-widget-spacer\" data-id=\"ccf9a4b\" data-element_type=\"widget\" data-widget_type=\"spacer.default\">\n\t\t\t\t<div class=\"elementor-widget-container\">\n\t\t\t\t\t<div class=\"elementor-spacer\">\n\t\t\t<div class=\"elementor-spacer-inner\"><\/div>\n\t\t<\/div>\n\t\t\t\t<\/div>\n\t\t\t\t<\/div>\n\t\t\t\t\t<\/div>\n\t\t<\/div>\n\t\t\t\t\t<\/div>\n\t\t<\/section>\n\t\t\t\t<section class=\"elementor-section elementor-top-section elementor-element elementor-element-d14bb3e elementor-section-stretched elementor-section-boxed elementor-section-height-default elementor-section-height-default\" data-id=\"d14bb3e\" data-element_type=\"section\" data-settings=\"{&quot;stretch_section&quot;:&quot;section-stretched&quot;}\">\n\t\t\t\t\t\t<div class=\"elementor-container elementor-column-gap-wider\">\n\t\t\t\t\t<div class=\"elementor-column elementor-col-100 elementor-top-column elementor-element elementor-element-402f4b6\" data-id=\"402f4b6\" data-element_type=\"column\">\n\t\t\t<div class=\"elementor-widget-wrap elementor-element-populated\">\n\t\t\t\t\t\t<div class=\"elementor-element elementor-element-9c53881 elementor-widget elementor-widget-image\" data-id=\"9c53881\" data-element_type=\"widget\" data-widget_type=\"image.default\">\n\t\t\t\t<div class=\"elementor-widget-container\">\n\t\t\t<style>\/*! elementor - v3.23.0 - 05-08-2024 *\/\n.elementor-widget-image{text-align:center}.elementor-widget-image a{display:inline-block}.elementor-widget-image a img[src$=\".svg\"]{width:48px}.elementor-widget-image img{vertical-align:middle;display:inline-block}<\/style>\t\t\t\t\t\t\t\t\t\t<img decoding=\"async\" width=\"270\" height=\"109\" src=\"https:\/\/seisoitofish.com\/2025\/wp-content\/uploads\/2020\/10\/corporation3-sectionbg2.png\" class=\"attachment-large size-large wp-image-82\" alt=\"\" srcset=\"https:\/\/seisoitofish.com\/2025\/wp-content\/uploads\/2020\/10\/corporation3-sectionbg2.png 270w, https:\/\/seisoitofish.com\/2025\/wp-content\/uploads\/2020\/10\/corporation3-sectionbg2-150x61.png 150w\" sizes=\"(max-width:767px) 270px, 270px\" \/>\t\t\t\t\t\t\t\t\t\t\t\t\t<\/div>\n\t\t\t\t<\/div>\n\t\t\t\t\t<\/div>\n\t\t<\/div>\n\t\t\t\t\t<\/div>\n\t\t<\/section>\n\t\t\t\t<section class=\"elementor-section elementor-top-section elementor-element elementor-element-29b87c6 elementor-section-content-top elementor-section-stretched elementor-section-boxed elementor-section-height-default elementor-section-height-default\" data-id=\"29b87c6\" data-element_type=\"section\" data-settings=\"{&quot;stretch_section&quot;:&quot;section-stretched&quot;,&quot;background_background&quot;:&quot;classic&quot;}\">\n\t\t\t\t\t\t<div class=\"elementor-container elementor-column-gap-wider\">\n\t\t\t\t\t<div class=\"elementor-column elementor-col-50 elementor-top-column elementor-element elementor-element-178917a\" data-id=\"178917a\" data-element_type=\"column\">\n\t\t\t<div class=\"elementor-widget-wrap elementor-element-populated\">\n\t\t\t\t\t\t<div class=\"elementor-element elementor-element-b339111 elementor-widget elementor-widget-text-editor\" data-id=\"b339111\" data-element_type=\"widget\" data-widget_type=\"text-editor.default\">\n\t\t\t\t<div class=\"elementor-widget-container\">\n\t\t\t\t\t\t\t<h2>Alguns dos<br \/><span class=\"themecolor\">produtos congelados<\/span> embalados pela Seis Oito Fish<\/h2>\t\t\t\t\t\t<\/div>\n\t\t\t\t<\/div>\n\t\t\t\t<div class=\"elementor-element elementor-element-b81a283 elementor-widget elementor-widget-text-editor\" data-id=\"b81a283\" data-element_type=\"widget\" data-widget_type=\"text-editor.default\">\n\t\t\t\t<div class=\"elementor-widget-container\">\n\t\t\t\t\t\t\t<h5>Produtos embalados pela Seis Oito Fish para grandes cadeias internacionais de retalho, com exigentes n\u00edveis de qualidade e verifica\u00e7\u00e3o, al\u00e9m das certifica\u00e7\u00f5es obrigat\u00f3rias.<\/h5><p>A SeisOitoFish est\u00e1 dispon\u00edvel para ajustar a tipologia\/forma de apresenta\u00e7\u00e3o do produto \u00e0s necessidades do Cliente. Poder\u00e3o ser ajustados os par\u00e2metros a cumprir, nomeadamente teor de vidragem, pesos, n\u00famero de pe\u00e7as, tipo e espessura de corte, bem como grau de defeitos tolerados. Ser\u00e3o ainda ajustados quaisquer requisitos espec\u00edficos de rotulagem do Cliente.<\/p>\t\t\t\t\t\t<\/div>\n\t\t\t\t<\/div>\n\t\t\t\t\t<\/div>\n\t\t<\/div>\n\t\t\t\t<div class=\"elementor-column elementor-col-50 elementor-top-column elementor-element elementor-element-ea47c12\" data-id=\"ea47c12\" data-element_type=\"column\">\n\t\t\t<div class=\"elementor-widget-wrap\">\n\t\t\t\t\t\t\t<\/div>\n\t\t<\/div>\n\t\t\t\t\t<\/div>\n\t\t<\/section>\n\t\t<div class=\"elementor-element elementor-element-97b0866 e-flex e-con-boxed e-con e-parent\" data-id=\"97b0866\" data-element_type=\"container\">\n\t\t\t\t\t<div class=\"e-con-inner\">\n\t\t<div class=\"elementor-element elementor-element-b7f15d3 e-con-full e-flex e-con e-child\" data-id=\"b7f15d3\" data-element_type=\"container\">\n\t\t\t\t<div class=\"elementor-element elementor-element-e674f6a elementor-invisible elementor-widget elementor-widget-mfn_hover_box\" data-id=\"e674f6a\" data-element_type=\"widget\" data-settings=\"{&quot;_animation&quot;:&quot;bounceIn&quot;}\" data-widget_type=\"mfn_hover_box.default\">\n\t\t\t\t<div class=\"elementor-widget-container\">\n\t\t\t<div class=\"hover_box\"><a href=\"https:\/\/seisoitofish.com\/2025\/produtos\/tamboril\/\"  title=\"\"><div class=\"hover_box_wrapper\"><img fetchpriority=\"high\" decoding=\"async\" class=\"scale-with-grid visible_photo\" src=\"https:\/\/seisoitofish.com\/2025\/wp-content\/uploads\/2024\/08\/peixe1.jpg\" alt=\"peixe1\" width=\"1500\" height=\"1500\"\/><img decoding=\"async\" class=\"scale-with-grid hidden_photo\" src=\"https:\/\/seisoitofish.com\/2025\/wp-content\/uploads\/2024\/08\/peixe2.jpg\" alt=\"peixe2\" width=\"1500\" height=\"1500\"\/><\/div><\/a><\/div>\n\t\t<\/div>\n\t\t\t\t<\/div>\n\t\t\t\t<\/div>\n\t\t<div class=\"elementor-element elementor-element-55109f0 e-con-full e-flex e-con e-child\" data-id=\"55109f0\" data-element_type=\"container\">\n\t\t\t\t<div class=\"elementor-element elementor-element-a7c2543 elementor-invisible elementor-widget elementor-widget-mfn_hover_box\" data-id=\"a7c2543\" data-element_type=\"widget\" data-settings=\"{&quot;_animation&quot;:&quot;bounceIn&quot;}\" data-widget_type=\"mfn_hover_box.default\">\n\t\t\t\t<div class=\"elementor-widget-container\">\n\t\t\t<div class=\"hover_box\"><a href=\"https:\/\/seisoitofish.com\/2025\/produtos\/abrotea\/\"  title=\"\"><div class=\"hover_box_wrapper\"><img loading=\"lazy\" decoding=\"async\" class=\"scale-with-grid visible_photo\" src=\"https:\/\/seisoitofish.com\/2025\/wp-content\/uploads\/2024\/08\/brotea.jpg\" alt=\"brotea\" width=\"1496\" height=\"1500\"\/><img loading=\"lazy\" decoding=\"async\" class=\"scale-with-grid hidden_photo\" src=\"https:\/\/seisoitofish.com\/2025\/wp-content\/uploads\/2024\/08\/abrotea1.jpg\" alt=\"abrotea1\" width=\"1500\" height=\"1500\"\/><\/div><\/a><\/div>\n\t\t<\/div>\n\t\t\t\t<\/div>\n\t\t\t\t<\/div>\n\t\t<div class=\"elementor-element elementor-element-3495390 e-con-full e-flex e-con e-child\" data-id=\"3495390\" data-element_type=\"container\">\n\t\t\t\t<div class=\"elementor-element elementor-element-f82272f elementor-invisible elementor-widget elementor-widget-mfn_hover_box\" data-id=\"f82272f\" data-element_type=\"widget\" data-settings=\"{&quot;_animation&quot;:&quot;bounceIn&quot;}\" data-widget_type=\"mfn_hover_box.default\">\n\t\t\t\t<div class=\"elementor-widget-container\">\n\t\t\t<div class=\"hover_box\"><a href=\"https:\/\/seisoitofish.com\/2025\/produtos\/caldeirada\/\"  title=\"\"><div class=\"hover_box_wrapper\"><img loading=\"lazy\" decoding=\"async\" class=\"scale-with-grid visible_photo\" src=\"https:\/\/seisoitofish.com\/2025\/wp-content\/uploads\/2024\/08\/CSALDEIRADA.jpg\" alt=\"CSALDEIRADA\" width=\"1497\" height=\"1500\"\/><img loading=\"lazy\" decoding=\"async\" class=\"scale-with-grid hidden_photo\" src=\"https:\/\/seisoitofish.com\/2025\/wp-content\/uploads\/2024\/08\/CSALDEIRADA1.jpg\" alt=\"CSALDEIRADA1\" width=\"1500\" height=\"1500\"\/><\/div><\/a><\/div>\n\t\t<\/div>\n\t\t\t\t<\/div>\n\t\t\t\t<\/div>\n\t\t<div class=\"elementor-element elementor-element-61d88b7 e-con-full e-flex e-con e-child\" data-id=\"61d88b7\" data-element_type=\"container\">\n\t\t\t\t<div class=\"elementor-element elementor-element-48cce52 elementor-invisible elementor-widget elementor-widget-mfn_hover_box\" data-id=\"48cce52\" data-element_type=\"widget\" data-settings=\"{&quot;_animation&quot;:&quot;bounceIn&quot;}\" data-widget_type=\"mfn_hover_box.default\">\n\t\t\t\t<div class=\"elementor-widget-container\">\n\t\t\t<div class=\"hover_box\"><a href=\"https:\/\/seisoitofish.com\/2025\/produtos\/filetes-de-pescada\/\"  title=\"\"><div class=\"hover_box_wrapper\"><img loading=\"lazy\" decoding=\"async\" class=\"scale-with-grid visible_photo\" src=\"https:\/\/seisoitofish.com\/2025\/wp-content\/uploads\/2024\/08\/filetes1.jpg\" alt=\"filetes1\" width=\"1500\" height=\"1497\"\/><img loading=\"lazy\" decoding=\"async\" class=\"scale-with-grid hidden_photo\" src=\"https:\/\/seisoitofish.com\/2025\/wp-content\/uploads\/2024\/08\/filetes.jpg\" alt=\"filetes\" width=\"1500\" height=\"1500\"\/><\/div><\/a><\/div>\n\t\t<\/div>\n\t\t\t\t<\/div>\n\t\t\t\t<div class=\"elementor-element elementor-element-e1801ae elementor-invisible elementor-widget elementor-widget-mfn_hover_box\" data-id=\"e1801ae\" data-element_type=\"widget\" data-settings=\"{&quot;_animation&quot;:&quot;bounceIn&quot;}\" data-widget_type=\"mfn_hover_box.default\">\n\t\t\t\t<div class=\"elementor-widget-container\">\n\t\t\t<div class=\"hover_box\"><a href=\"https:\/\/seisoitofish.com\/2025\/produtos\/lulas-potas\/\"  title=\"\"><div class=\"hover_box_wrapper\"><img loading=\"lazy\" decoding=\"async\" class=\"scale-with-grid visible_photo\" src=\"https:\/\/seisoitofish.com\/2025\/wp-content\/uploads\/2024\/08\/ulas.jpg\" alt=\"ulas\" width=\"1500\" height=\"1500\"\/><img loading=\"lazy\" decoding=\"async\" class=\"scale-with-grid hidden_photo\" src=\"https:\/\/seisoitofish.com\/2025\/wp-content\/uploads\/2024\/08\/lulas1.jpg\" alt=\"lulas1\" width=\"1500\" height=\"1500\"\/><\/div><\/a><\/div>\n\t\t<\/div>\n\t\t\t\t<\/div>\n\t\t\t\t<div class=\"elementor-element elementor-element-a6b1c15 elementor-invisible elementor-widget elementor-widget-mfn_hover_box\" data-id=\"a6b1c15\" data-element_type=\"widget\" data-settings=\"{&quot;_animation&quot;:&quot;bounceIn&quot;}\" data-widget_type=\"mfn_hover_box.default\">\n\t\t\t\t<div class=\"elementor-widget-container\">\n\t\t\t<div class=\"hover_box\"><a href=\"https:\/\/seisoitofish.com\/2025\/produtos\/pescada-2\/\"  title=\"\"><div class=\"hover_box_wrapper\"><img loading=\"lazy\" decoding=\"async\" class=\"scale-with-grid visible_photo\" src=\"https:\/\/seisoitofish.com\/2025\/wp-content\/uploads\/2024\/08\/pescada11.jpg\" alt=\"pescada11\" width=\"1500\" height=\"1500\"\/><img loading=\"lazy\" decoding=\"async\" class=\"scale-with-grid hidden_photo\" src=\"https:\/\/seisoitofish.com\/2025\/wp-content\/uploads\/2024\/08\/pescada.jpg\" alt=\"pescada\" width=\"1500\" height=\"1500\"\/><\/div><\/a><\/div>\n\t\t<\/div>\n\t\t\t\t<\/div>\n\t\t\t\t<\/div>\n\t\t<div class=\"elementor-element elementor-element-a55d349 e-con-full e-flex e-con e-child\" data-id=\"a55d349\" data-element_type=\"container\">\n\t\t\t\t<div class=\"elementor-element elementor-element-268f631 elementor-invisible elementor-widget elementor-widget-mfn_hover_box\" data-id=\"268f631\" data-element_type=\"widget\" data-settings=\"{&quot;_animation&quot;:&quot;bounceIn&quot;}\" data-widget_type=\"mfn_hover_box.default\">\n\t\t\t\t<div class=\"elementor-widget-container\">\n\t\t\t<div class=\"hover_box\"><a href=\"https:\/\/seisoitofish.com\/2025\/produtos\/maruca-2\/\"  title=\"\"><div class=\"hover_box_wrapper\"><img loading=\"lazy\" decoding=\"async\" class=\"scale-with-grid visible_photo\" src=\"https:\/\/seisoitofish.com\/2025\/wp-content\/uploads\/2024\/08\/maruca.jpg\" alt=\"maruca\" width=\"1500\" height=\"1500\"\/><img loading=\"lazy\" decoding=\"async\" class=\"scale-with-grid hidden_photo\" src=\"https:\/\/seisoitofish.com\/2025\/wp-content\/uploads\/2024\/08\/maruca1.jpg\" alt=\"maruca1\" width=\"1500\" height=\"1500\"\/><\/div><\/a><\/div>\n\t\t<\/div>\n\t\t\t\t<\/div>\n\t\t\t\t<div class=\"elementor-element elementor-element-c4a6f73 elementor-invisible elementor-widget elementor-widget-mfn_hover_box\" data-id=\"c4a6f73\" data-element_type=\"widget\" data-settings=\"{&quot;_animation&quot;:&quot;bounceIn&quot;}\" data-widget_type=\"mfn_hover_box.default\">\n\t\t\t\t<div class=\"elementor-widget-container\">\n\t\t\t<div class=\"hover_box\"><a href=\"https:\/\/seisoitofish.com\/2025\/produtos\/solha-3\/\"  title=\"\"><div class=\"hover_box_wrapper\"><img loading=\"lazy\" decoding=\"async\" class=\"scale-with-grid visible_photo\" src=\"https:\/\/seisoitofish.com\/2025\/wp-content\/uploads\/2024\/08\/solha.jpg\" alt=\"solha\" width=\"1500\" height=\"1500\"\/><img loading=\"lazy\" decoding=\"async\" class=\"scale-with-grid hidden_photo\" src=\"https:\/\/seisoitofish.com\/2025\/wp-content\/uploads\/2024\/08\/solha1.jpg\" alt=\"solha1\" width=\"1500\" height=\"1500\"\/><\/div><\/a><\/div>\n\t\t<\/div>\n\t\t\t\t<\/div>\n\t\t\t\t<div class=\"elementor-element elementor-element-6b1c074 elementor-invisible elementor-widget elementor-widget-mfn_hover_box\" data-id=\"6b1c074\" data-element_type=\"widget\" data-settings=\"{&quot;_animation&quot;:&quot;bounceIn&quot;}\" data-widget_type=\"mfn_hover_box.default\">\n\t\t\t\t<div class=\"elementor-widget-container\">\n\t\t\t<div class=\"hover_box\"><a href=\"https:\/\/seisoitofish.com\/2025\/produtos\/peixe-vermelho\/\"  title=\"\"><div class=\"hover_box_wrapper\"><img loading=\"lazy\" decoding=\"async\" class=\"scale-with-grid visible_photo\" src=\"https:\/\/seisoitofish.com\/2025\/wp-content\/uploads\/2024\/08\/peixe-verm.jpg\" alt=\"peixe verm\" width=\"1500\" height=\"1500\"\/><img loading=\"lazy\" decoding=\"async\" class=\"scale-with-grid hidden_photo\" src=\"https:\/\/seisoitofish.com\/2025\/wp-content\/uploads\/2024\/08\/peixe-verm1.jpg\" alt=\"peixe verm1\" width=\"1500\" height=\"1500\"\/><\/div><\/a><\/div>\n\t\t<\/div>\n\t\t\t\t<\/div>\n\t\t\t\t<\/div>\n\t\t<div class=\"elementor-element elementor-element-03b4d38 e-con-full e-flex e-con e-child\" data-id=\"03b4d38\" data-element_type=\"container\">\n\t\t\t\t<div class=\"elementor-element elementor-element-9dbbdb5 elementor-invisible elementor-widget elementor-widget-mfn_hover_box\" data-id=\"9dbbdb5\" data-element_type=\"widget\" data-settings=\"{&quot;_animation&quot;:&quot;bounceIn&quot;}\" data-widget_type=\"mfn_hover_box.default\">\n\t\t\t\t<div class=\"elementor-widget-container\">\n\t\t\t<div class=\"hover_box\"><a href=\"https:\/\/seisoitofish.com\/2025\/produtos\/preparado-de-marisco\/\"  title=\"\"><div class=\"hover_box_wrapper\"><img loading=\"lazy\" decoding=\"async\" class=\"scale-with-grid visible_photo\" src=\"https:\/\/seisoitofish.com\/2025\/wp-content\/uploads\/2024\/08\/prepmarscio.jpg\" alt=\"prepmarscio\" width=\"1497\" height=\"1500\"\/><img loading=\"lazy\" decoding=\"async\" class=\"scale-with-grid hidden_photo\" src=\"https:\/\/seisoitofish.com\/2025\/wp-content\/uploads\/2024\/08\/prep-marisco1.jpg\" alt=\"prep marisco1\" width=\"1500\" height=\"1500\"\/><\/div><\/a><\/div>\n\t\t<\/div>\n\t\t\t\t<\/div>\n\t\t\t\t<div class=\"elementor-element elementor-element-2221908 elementor-invisible elementor-widget elementor-widget-mfn_hover_box\" data-id=\"2221908\" data-element_type=\"widget\" data-settings=\"{&quot;_animation&quot;:&quot;bounceIn&quot;}\" data-widget_type=\"mfn_hover_box.default\">\n\t\t\t\t<div class=\"elementor-widget-container\">\n\t\t\t<div class=\"hover_box\"><a href=\"https:\/\/seisoitofish.com\/2025\/produtos\/sardinha\/\"  title=\"\"><div class=\"hover_box_wrapper\"><img loading=\"lazy\" decoding=\"async\" class=\"scale-with-grid visible_photo\" src=\"https:\/\/seisoitofish.com\/2025\/wp-content\/uploads\/2024\/08\/sardinhas.jpg\" alt=\"sardinhas\" width=\"1500\" height=\"1500\"\/><img loading=\"lazy\" decoding=\"async\" class=\"scale-with-grid hidden_photo\" src=\"https:\/\/seisoitofish.com\/2025\/wp-content\/uploads\/2024\/08\/sardinhas1.jpg\" alt=\"sardinhas1\" width=\"1500\" height=\"1500\"\/><\/div><\/a><\/div>\n\t\t<\/div>\n\t\t\t\t<\/div>\n\t\t\t\t<\/div>\n\t\t\t\t\t<\/div>\n\t\t\t\t<\/div>\n\t\t\t\t<\/div>\n\t\t","protected":false},"excerpt":{"rendered":"<p>Produtos Embalamos produtos de alta qualidade com procedimentos certificados e de alt\u00edssima qualidade Alguns dosprodutos congelados embalados pela Seis Oito Fish Produtos embalados pela Seis Oito<span class=\"excerpt-hellip\"> [\u2026]<\/span><\/p>\n","protected":false},"author":1,"featured_media":0,"parent":0,"menu_order":0,"comment_status":"open","ping_status":"closed","template":"","meta":{"footnotes":""},"class_list":["post-14","page","type-page","status-publish","hentry"],"_links":{"self":[{"href":"https:\/\/seisoitofish.com\/2025\/wp-json\/wp\/v2\/pages\/14","targetHints":{"allow":["GET"]}}],"collection":[{"href":"https:\/\/seisoitofish.com\/2025\/wp-json\/wp\/v2\/pages"}],"about":[{"href":"https:\/\/seisoitofish.com\/2025\/wp-json\/wp\/v2\/types\/page"}],"author":[{"embeddable":true,"href":"https:\/\/seisoitofish.com\/2025\/wp-json\/wp\/v2\/users\/1"}],"replies":[{"embeddable":true,"href":"https:\/\/seisoitofish.com\/2025\/wp-json\/wp\/v2\/comments?post=14"}],"version-history":[{"count":19,"href":"https:\/\/seisoitofish.com\/2025\/wp-json\/wp\/v2\/pages\/14\/revisions"}],"predecessor-version":[{"id":389,"href":"https:\/\/seisoitofish.com\/2025\/wp-json\/wp\/v2\/pages\/14\/revisions\/389"}],"wp:attachment":[{"href":"https:\/\/seisoitofish.com\/2025\/wp-json\/wp\/v2\/media?parent=14"}],"curies":[{"name":"wp","href":"https:\/\/api.w.org\/{rel}","templated":true}]}}